{"id":1163,"date":"2022-08-22T14:21:33","date_gmt":"2022-08-22T17:21:33","guid":{"rendered":"https:\/\/caritaslondrina.com.br\/dese2\/?page_id=1163"},"modified":"2022-08-22T17:25:58","modified_gmt":"2022-08-22T20:25:58","slug":"uniao-solidaria","status":"publish","type":"page","link":"https:\/\/caritaslondrina.com.br\/dese2\/uniao-solidaria\/","title":{"rendered":"Uni\u00e3o Solid\u00e1ria"},"content":{"rendered":"\n<p style=\"font-size:15px\">A campanha uni\u00e3o solid\u00e1ria do Sicredi tem o intuito de ajudar as entidades na arrecada\u00e7\u00e3o de recursos para projetos especificados nos editais, neste ano de 2022 a caritas est\u00e1 participando com o PROJETO DE APERFEI\u00c7OAMENTO DAS A\u00c7\u00d5ES DESENVOLVIDAS PELA C\u00c1RITAS LONDRINA NO ATENDIMENTO A DIVERSIFICADOS P\u00daBLICOS EM SITUA\u00c7\u00c3O DE VULNERABILIDADE SOCIAL que tem como intuito  realizar atendimento a pessoas em vulnerabilidade social, tais como migrantes e refugiados, pessoas com defici\u00eancia e idosos. Desenvolver a\u00e7\u00f5es de gera\u00e7\u00e3o de renda e Economia Popular Solid\u00e1ria ofertando cursos de capacita\u00e7\u00e3o e profissionaliza\u00e7\u00e3o e oferecer atividades extra curriculares para as crian\u00e7as e adolescentes, abrangente na arquidiocese de Londrina, que conta atualmente com 16 munic\u00edpios (Londrina, Camb\u00e9, Rol\u00e2ndia, Ibipor\u00e3, Sertan\u00f3polis, Primeiro de Maio, Bela Vista do Para\u00edso, Alvorada do Sul, Porecatu, Florest\u00f3polis, Miraselva, Prado Ferreira, Centen\u00e1rio do Sul, Lupion\u00f3polis, Jaguapit\u00e3 e Tamarana.<\/p>\n\n\n\n<div class=\"wp-block-buttons is-layout-flex wp-block-buttons-is-layout-flex\">\n<div class=\"wp-block-button has-custom-font-size has-small-font-size\"><a class=\"wp-block-button__link has-vivid-red-background-color has-background\" href=\"https:\/\/www.campanhauniaosolidaria.com.br\/index.php?action=show_entidade&amp;id=998\" target=\"_blank\" rel=\"noreferrer noopener\">Uni\u00e3o Solid\u00e1ria<\/a><\/div>\n<\/div>\n\n\n\n<div style=\"height:33px\" aria-hidden=\"true\" class=\"wp-block-spacer\"><\/div>\n\n\n\n<div style=\"height:21px\" aria-hidden=\"true\" class=\"wp-block-spacer\"><\/div>\n\n\n\n<p style=\"font-size:15px\">Tamb\u00e9m temos a op\u00e7\u00e3o de compra f\u00edsica, entre em contato conosco pelo telefone (43) 99994-0720, ou venha at\u00e9 n\u00f3s<\/p>\n\n\n\t\t\t<div \n\t\t\tclass=\"wp-block-uagb-google-map uagb-google-map__wrap uagb-block-af5a4e0a     \"\n\t\t\tstyle=\"\" >\n\t\t\t\t<embed\n\t\t\t\t\tclass=\"uagb-google-map__iframe\"\n\t\t\t\t\ttitle=\"Google Map for \"\n\t\t\t\t\tsrc=\"https:\/\/maps.google.com\/maps?q=Caritas%20Londrina&#038;z=15&#038;hl=pt&#038;t=m&#038;output=embed&#038;iwloc=near\"\n\t\t\t\t\twidth=\"640\"\n\t\t\t\t\theight=\"435\"\n\t\t\t\t\tloading=\"lazy\"\n\t\t\t\t><\/embed>\n\t\t\t<\/div>\n\t\t\t\n\n\n<p><\/p>\n","protected":false},"excerpt":{"rendered":"<p>A campanha uni\u00e3o solid\u00e1ria do Sicredi tem o intuito de ajudar as entidades na arrecada\u00e7\u00e3o de recursos para projetos especificados nos editais, neste ano de 2022 a caritas est\u00e1 participando com o PROJETO DE APERFEI\u00c7OAMENTO DAS A\u00c7\u00d5ES DESENVOLVIDAS PELA C\u00c1RITAS LONDRINA NO ATENDIMENTO A DIVERSIFICADOS P\u00daBLICOS EM SITUA\u00c7\u00c3O DE VULNERABILIDADE SOCIAL que tem como intuito &hellip;<\/p>\n<p class=\"read-more\"> <a class=\"\" href=\"https:\/\/caritaslondrina.com.br\/dese2\/uniao-solidaria\/\"> <span class=\"screen-reader-text\">Uni\u00e3o Solid\u00e1ria<\/span> Leia mais &raquo;<\/a><\/p>\n","protected":false},"author":4,"featured_media":0,"parent":0,"menu_order":0,"comment_status":"closed","ping_status":"closed","template":"","meta":{"_coblocks_attr":"","_coblocks_dimensions":"","_coblocks_responsive_height":"","_coblocks_accordion_ie_support":"","_uag_custom_page_level_css":"","advgb_blocks_editor_width":"","advgb_blocks_columns_visual_guide":"","_mi_skip_tracking":false,"_monsterinsights_sitenote_active":false,"_monsterinsights_sitenote_note":"","_monsterinsights_sitenote_category":0,"site-sidebar-layout":"default","site-content-layout":"default","ast-global-header-display":"","ast-banner-title-visibility":"","ast-main-header-display":"","ast-hfb-above-header-display":"","ast-hfb-below-header-display":"","ast-hfb-mobile-header-display":"","site-post-title":"","ast-breadcrumbs-content":"","ast-featured-img":"","footer-sml-layout":"","theme-transparent-header-meta":"","adv-header-id-meta":"","stick-header-meta":"","header-above-stick-meta":"","header-main-stick-meta":"","header-below-stick-meta":"","footnotes":""},"class_list":["post-1163","page","type-page","status-publish","hentry"],"uagb_featured_image_src":{"full":false,"thumbnail":false,"medium":false,"medium_large":false,"large":false,"1536x1536":false,"2048x2048":false},"uagb_author_info":{"display_name":"Fellipe Tereska","author_link":"https:\/\/caritaslondrina.com.br\/dese2\/author\/fellipe-tereska\/"},"uagb_comment_info":0,"uagb_excerpt":"A campanha uni\u00e3o solid\u00e1ria do Sicredi tem o intuito de ajudar as entidades na arrecada\u00e7\u00e3o de recursos para projetos especificados nos editais, neste ano de 2022 a caritas est\u00e1 participando com o PROJETO DE APERFEI\u00c7OAMENTO DAS A\u00c7\u00d5ES DESENVOLVIDAS PELA C\u00c1RITAS LONDRINA NO ATENDIMENTO A DIVERSIFICADOS P\u00daBLICOS EM SITUA\u00c7\u00c3O DE VULNERABILIDADE SOCIAL que tem como intuito&hellip;","coauthors":[],"author_meta":{"author_link":"https:\/\/caritaslondrina.com.br\/dese2\/author\/fellipe-tereska\/","display_name":"Fellipe Tereska"},"relative_dates":{"created":"Publicado 4 anos atr\u00e1s","modified":"Atualizado 4 anos atr\u00e1s"},"absolute_dates":{"created":"Publicado em 22 de agosto de 2022","modified":"Atualizado em 22 de agosto de 2022"},"absolute_dates_time":{"created":"Publicado em 22 de agosto de 2022 2:21 pm","modified":"Atualizado em 22 de agosto de 2022 5:25 pm"},"featured_img_caption":"","featured_img":false,"series_order":"","_links":{"self":[{"href":"https:\/\/caritaslondrina.com.br\/dese2\/wp-json\/wp\/v2\/pages\/1163","targetHints":{"allow":["GET"]}}],"collection":[{"href":"https:\/\/caritaslondrina.com.br\/dese2\/wp-json\/wp\/v2\/pages"}],"about":[{"href":"https:\/\/caritaslondrina.com.br\/dese2\/wp-json\/wp\/v2\/types\/page"}],"author":[{"embeddable":true,"href":"https:\/\/caritaslondrina.com.br\/dese2\/wp-json\/wp\/v2\/users\/4"}],"replies":[{"embeddable":true,"href":"https:\/\/caritaslondrina.com.br\/dese2\/wp-json\/wp\/v2\/comments?post=1163"}],"version-history":[{"count":15,"href":"https:\/\/caritaslondrina.com.br\/dese2\/wp-json\/wp\/v2\/pages\/1163\/revisions"}],"predecessor-version":[{"id":1197,"href":"https:\/\/caritaslondrina.com.br\/dese2\/wp-json\/wp\/v2\/pages\/1163\/revisions\/1197"}],"wp:attachment":[{"href":"https:\/\/caritaslondrina.com.br\/dese2\/wp-json\/wp\/v2\/media?parent=1163"}],"curies":[{"name":"wp","href":"https:\/\/api.w.org\/{rel}","templated":true}]}}