{"id":21,"date":"2020-01-28T11:34:52","date_gmt":"2020-01-28T11:34:52","guid":{"rendered":"https:\/\/caritaslondrina.com.br\/dese2\/?page_id=21"},"modified":"2025-09-11T14:26:01","modified_gmt":"2025-09-11T17:26:01","slug":"fas","status":"publish","type":"page","link":"https:\/\/caritaslondrina.com.br\/dese2\/fas\/","title":{"rendered":"FAS"},"content":{"rendered":"\n<h2 class=\"wp-block-heading\"><strong>Fundo Arquidiocesano de Solidariedade<\/strong> &#8211; FAS<\/h2>\n\n\n\n<div class=\"wp-block-media-text alignwide is-vertically-aligned-top\" style=\"grid-template-columns:39% auto\"><figure class=\"wp-block-media-text__media\"><img fetchpriority=\"high\" decoding=\"async\" width=\"1024\" height=\"683\" src=\"https:\/\/caritaslondrina.com.br\/dese2\/wp-content\/uploads\/2020\/02\/tim-marshall-cAtzHUz7Z8g-unsplash-1024x683.jpg\" alt=\"\" class=\"wp-image-119 size-full\" srcset=\"https:\/\/caritaslondrina.com.br\/dese2\/wp-content\/uploads\/2020\/02\/tim-marshall-cAtzHUz7Z8g-unsplash-1024x683.jpg 1024w, https:\/\/caritaslondrina.com.br\/dese2\/wp-content\/uploads\/2020\/02\/tim-marshall-cAtzHUz7Z8g-unsplash-300x200.jpg 300w, https:\/\/caritaslondrina.com.br\/dese2\/wp-content\/uploads\/2020\/02\/tim-marshall-cAtzHUz7Z8g-unsplash-768x512.jpg 768w, https:\/\/caritaslondrina.com.br\/dese2\/wp-content\/uploads\/2020\/02\/tim-marshall-cAtzHUz7Z8g-unsplash-1536x1024.jpg 1536w, https:\/\/caritaslondrina.com.br\/dese2\/wp-content\/uploads\/2020\/02\/tim-marshall-cAtzHUz7Z8g-unsplash-2048x1365.jpg 2048w\" sizes=\"(max-width: 1024px) 100vw, 1024px\" \/><\/figure><div class=\"wp-block-media-text__content\">\n<p class=\"has-drop-cap has-normal-font-size\">\u00c9 um fundo solid\u00e1rio permanente, composto pelos recursos da Coleta da Campanha da Fraternidade, realizada no Domingo de Ramos. O FAS visa apoiar projetos sociais e de gera\u00e7\u00e3o de trabalho e renda, apresentados pelas a\u00e7\u00f5es sociais paroquiais, grupos e pastorais. Na Arquidiocese de Londrina, a C\u00e1ritas \u00e9 a respons\u00e1vel pelo gerenciamento t\u00e9cnico, financeiro e administrativo dos recursos liberados pelo Conselho Gestor do FAS.<\/p>\n<\/div><\/div>\n\n\n\n<p><strong>Em <\/strong>2025 <\/p>\n\n\n\n<h2 class=\"wp-block-heading\">Objetivos do FAS<\/h2>\n\n\n\n<ul class=\"wp-block-list\">\n<li>Apoiar iniciativas que apontem para a supera\u00e7\u00e3o das estruturas de pobreza e injusti\u00e7a<\/li>\n\n\n\n<li>Estimular e favorecer a constru\u00e7\u00e3o de rela\u00e7\u00f5es solid\u00e1rias e n\u00e3o discriminat\u00f3rias<\/li>\n\n\n\n<li>Favorecer a cria\u00e7\u00e3o de projetos alternativos de gera\u00e7\u00e3o de trabalho e renda<\/li>\n\n\n\n<li>Incentivar projetos sociais referentes aos temas da Campanha da Fraternidade de cada ano<\/li>\n<\/ul>\n\n\n\n<h2 class=\"wp-block-heading\">FUNDO NACIONAL DE SOLIDARIEDADE &#8211; FNS<\/h2>\n\n\n\n<p>Nas palavras da Confer\u00eancia Nacional dos Bispos do Brasil (CNBB), o Fundo Nacional de Solidariedade (FNS), criado no ano de 1998, por ocasi\u00e3o da 36\u00aa Assembleia Geral da entidade, <em>&#8220;fruto do gesto concreto dos crist\u00e3os, assume o compromisso social, como importante instrumento para apoio a iniciativas de enfrentamento das condi\u00e7\u00f5es de pobreza e mis\u00e9ria&#8221;<\/em>. <\/p>\n\n\n\n<p>Enquanto o Fundo Diocesano da Solidariedade (FDS) representa 60% da coleta arrecadada no Domingo de Ramos (ocasi\u00e3o da Coleta da Solidariedade), o FNS representa os demais 40%.<\/p>\n\n\n\n<p><strong>Objetivo &#8211;<\/strong> Ainda segundo a CNBB, <em>&#8220;os Fundos de Solidariedade promovem a fraternidade entre as diversas regi\u00f5es do Brasil, tem por objetivo promover a erradica\u00e7\u00e3o de vulnerabilidade e risco social, ao atenderem projetos com dificuldade de obterem financiamento, n\u00e3o obstante os grandes benef\u00edcios que propiciam \u00e0s popula\u00e7\u00f5es carentes&#8221;<\/em>.<\/p>\n\n\n\n<p>Entre 1999 e 2014, a C\u00e1ritas Nacional esteve a frente da anima\u00e7\u00e3o e gest\u00e3o dos recursos do FNS. Desde ent\u00e3o, a CNBB, promotora da Campanha da Fraternidade, \u00e9 a respons\u00e1vel por todo este processo.<\/p>\n\n\n\n<p>Mais informa\u00e7\u00f5es <a href=\"http:\/\/campanhas.cnbb.org.br\/fns\">clicando aqui<\/a>.<\/p>\n\n\n\n<p><\/p>\n","protected":false},"excerpt":{"rendered":"<p>Fundo Arquidiocesano de Solidariedade &#8211; FAS \u00c9 um fundo solid\u00e1rio permanente, composto pelos recursos da Coleta da Campanha da Fraternidade, realizada no Domingo de Ramos. O FAS visa apoiar projetos sociais e de gera\u00e7\u00e3o de trabalho e renda, apresentados pelas a\u00e7\u00f5es sociais paroquiais, grupos e pastorais. Na Arquidiocese de Londrina, a C\u00e1ritas \u00e9 a respons\u00e1vel &hellip;<\/p>\n<p class=\"read-more\"> <a class=\"\" href=\"https:\/\/caritaslondrina.com.br\/dese2\/fas\/\"> <span class=\"screen-reader-text\">FAS<\/span> Leia mais &raquo;<\/a><\/p>\n","protected":false},"author":1,"featured_media":0,"parent":0,"menu_order":0,"comment_status":"closed","ping_status":"closed","template":"","meta":{"_coblocks_attr":"","_coblocks_dimensions":"","_coblocks_responsive_height":"","_coblocks_accordion_ie_support":"","_uag_custom_page_level_css":"","advgb_blocks_editor_width":"","advgb_blocks_columns_visual_guide":"","_mi_skip_tracking":false,"_monsterinsights_sitenote_active":false,"_monsterinsights_sitenote_note":"","_monsterinsights_sitenote_category":0,"site-sidebar-layout":"default","site-content-layout":"default","ast-global-header-display":"","ast-banner-title-visibility":"","ast-main-header-display":"","ast-hfb-above-header-display":"","ast-hfb-below-header-display":"","ast-hfb-mobile-header-display":"","site-post-title":"","ast-breadcrumbs-content":"","ast-featured-img":"","footer-sml-layout":"","theme-transparent-header-meta":"default","adv-header-id-meta":"","stick-header-meta":"","header-above-stick-meta":"","header-main-stick-meta":"","header-below-stick-meta":"","footnotes":""},"class_list":["post-21","page","type-page","status-publish","hentry"],"uagb_featured_image_src":{"full":false,"thumbnail":false,"medium":false,"medium_large":false,"large":false,"1536x1536":false,"2048x2048":false},"uagb_author_info":{"display_name":"admin","author_link":"https:\/\/caritaslondrina.com.br\/dese2\/author\/admin\/"},"uagb_comment_info":0,"uagb_excerpt":"Fundo Arquidiocesano de Solidariedade &#8211; FAS \u00c9 um fundo solid\u00e1rio permanente, composto pelos recursos da Coleta da Campanha da Fraternidade, realizada no Domingo de Ramos. O FAS visa apoiar projetos sociais e de gera\u00e7\u00e3o de trabalho e renda, apresentados pelas a\u00e7\u00f5es sociais paroquiais, grupos e pastorais. Na Arquidiocese de Londrina, a C\u00e1ritas \u00e9 a respons\u00e1vel&hellip;","coauthors":[],"author_meta":{"author_link":"https:\/\/caritaslondrina.com.br\/dese2\/author\/admin\/","display_name":"admin"},"relative_dates":{"created":"Publicado 6 anos atr\u00e1s","modified":"Atualizado 7 meses atr\u00e1s"},"absolute_dates":{"created":"Publicado em 28 de janeiro de 2020","modified":"Atualizado em 11 de setembro de 2025"},"absolute_dates_time":{"created":"Publicado em 28 de janeiro de 2020 11:34 am","modified":"Atualizado em 11 de setembro de 2025 2:26 pm"},"featured_img_caption":"","featured_img":false,"series_order":"","_links":{"self":[{"href":"https:\/\/caritaslondrina.com.br\/dese2\/wp-json\/wp\/v2\/pages\/21","targetHints":{"allow":["GET"]}}],"collection":[{"href":"https:\/\/caritaslondrina.com.br\/dese2\/wp-json\/wp\/v2\/pages"}],"about":[{"href":"https:\/\/caritaslondrina.com.br\/dese2\/wp-json\/wp\/v2\/types\/page"}],"author":[{"embeddable":true,"href":"https:\/\/caritaslondrina.com.br\/dese2\/wp-json\/wp\/v2\/users\/1"}],"replies":[{"embeddable":true,"href":"https:\/\/caritaslondrina.com.br\/dese2\/wp-json\/wp\/v2\/comments?post=21"}],"version-history":[{"count":24,"href":"https:\/\/caritaslondrina.com.br\/dese2\/wp-json\/wp\/v2\/pages\/21\/revisions"}],"predecessor-version":[{"id":2200,"href":"https:\/\/caritaslondrina.com.br\/dese2\/wp-json\/wp\/v2\/pages\/21\/revisions\/2200"}],"wp:attachment":[{"href":"https:\/\/caritaslondrina.com.br\/dese2\/wp-json\/wp\/v2\/media?parent=21"}],"curies":[{"name":"wp","href":"https:\/\/api.w.org\/{rel}","templated":true}]}}