{"id":2142,"date":"2025-07-30T15:08:33","date_gmt":"2025-07-30T18:08:33","guid":{"rendered":"https:\/\/caritaslondrina.com.br\/dese2\/?page_id=2142"},"modified":"2025-07-30T15:08:35","modified_gmt":"2025-07-30T18:08:35","slug":"parcerias","status":"publish","type":"page","link":"https:\/\/caritaslondrina.com.br\/dese2\/parcerias\/","title":{"rendered":"PARCERIAS"},"content":{"rendered":"\n<p>Programa de Atendimento a Migrantes, Refugiados e Ap\u00e1tridas <a href=\"https:\/\/caritaslondrina.com.br\/dese2\/wp-content\/uploads\/2025\/07\/Termo-de-colaboracao-Migracao-25006.pdf\">https:\/\/caritaslondrina.com.br\/dese2\/wp-content\/uploads\/2025\/07\/Termo-de-colaboracao-Migracao-25006.pdf<\/a><\/p>\n\n\n\n<p>Projeto de Inclus\u00e3o Produtiva Mod. II  <a href=\"https:\/\/caritaslondrina.com.br\/dese2\/wp-content\/uploads\/2025\/07\/Termo-de-colaboracao-Inclusao-25007.pdf\">https:\/\/caritaslondrina.com.br\/dese2\/wp-content\/uploads\/2025\/07\/Termo-de-colaboracao-Inclusao-25007.pdf<\/a><\/p>\n\n\n\n<p><\/p>\n","protected":false},"excerpt":{"rendered":"<p>Programa de Atendimento a Migrantes, Refugiados e Ap\u00e1tridas https:\/\/caritaslondrina.com.br\/dese2\/wp-content\/uploads\/2025\/07\/Termo-de-colaboracao-Migracao-25006.pdf Projeto de Inclus\u00e3o Produtiva Mod. II https:\/\/caritaslondrina.com.br\/dese2\/wp-content\/uploads\/2025\/07\/Termo-de-colaboracao-Inclusao-25007.pdf<\/p>\n","protected":false},"author":12,"featured_media":0,"parent":0,"menu_order":0,"comment_status":"closed","ping_status":"closed","template":"","meta":{"_coblocks_attr":"","_coblocks_dimensions":"","_coblocks_responsive_height":"","_coblocks_accordion_ie_support":"","_uag_custom_page_level_css":"","advgb_blocks_editor_width":"","advgb_blocks_columns_visual_guide":"","_mi_skip_tracking":false,"_monsterinsights_sitenote_active":false,"_monsterinsights_sitenote_note":"","_monsterinsights_sitenote_category":0,"site-sidebar-layout":"default","site-content-layout":"default","ast-global-header-display":"","ast-banner-title-visibility":"","ast-main-header-display":"","ast-hfb-above-header-display":"","ast-hfb-below-header-display":"","ast-hfb-mobile-header-display":"","site-post-title":"","ast-breadcrumbs-content":"","ast-featured-img":"","footer-sml-layout":"","theme-transparent-header-meta":"","adv-header-id-meta":"","stick-header-meta":"","header-above-stick-meta":"","header-main-stick-meta":"","header-below-stick-meta":"","footnotes":""},"class_list":["post-2142","page","type-page","status-publish","hentry"],"uagb_featured_image_src":{"full":false,"thumbnail":false,"medium":false,"medium_large":false,"large":false,"1536x1536":false,"2048x2048":false},"uagb_author_info":{"display_name":"Migra\u00e7\u00e3o e Refugio","author_link":"https:\/\/caritaslondrina.com.br\/dese2\/author\/migracao\/"},"uagb_comment_info":0,"uagb_excerpt":"Programa de Atendimento a Migrantes, Refugiados e Ap\u00e1tridas https:\/\/caritaslondrina.com.br\/dese2\/wp-content\/uploads\/2025\/07\/Termo-de-colaboracao-Migracao-25006.pdf Projeto de Inclus\u00e3o Produtiva Mod. II https:\/\/caritaslondrina.com.br\/dese2\/wp-content\/uploads\/2025\/07\/Termo-de-colaboracao-Inclusao-25007.pdf","coauthors":[],"author_meta":{"author_link":"https:\/\/caritaslondrina.com.br\/dese2\/author\/migracao\/","display_name":"Migra\u00e7\u00e3o e Refugio"},"relative_dates":{"created":"Publicado 9 meses atr\u00e1s","modified":"Atualizado 9 meses atr\u00e1s"},"absolute_dates":{"created":"Publicado em 30 de julho de 2025","modified":"Atualizado em 30 de julho de 2025"},"absolute_dates_time":{"created":"Publicado em 30 de julho de 2025 3:08 pm","modified":"Atualizado em 30 de julho de 2025 3:08 pm"},"featured_img_caption":"","featured_img":false,"series_order":"","_links":{"self":[{"href":"https:\/\/caritaslondrina.com.br\/dese2\/wp-json\/wp\/v2\/pages\/2142","targetHints":{"allow":["GET"]}}],"collection":[{"href":"https:\/\/caritaslondrina.com.br\/dese2\/wp-json\/wp\/v2\/pages"}],"about":[{"href":"https:\/\/caritaslondrina.com.br\/dese2\/wp-json\/wp\/v2\/types\/page"}],"author":[{"embeddable":true,"href":"https:\/\/caritaslondrina.com.br\/dese2\/wp-json\/wp\/v2\/users\/12"}],"replies":[{"embeddable":true,"href":"https:\/\/caritaslondrina.com.br\/dese2\/wp-json\/wp\/v2\/comments?post=2142"}],"version-history":[{"count":2,"href":"https:\/\/caritaslondrina.com.br\/dese2\/wp-json\/wp\/v2\/pages\/2142\/revisions"}],"predecessor-version":[{"id":2146,"href":"https:\/\/caritaslondrina.com.br\/dese2\/wp-json\/wp\/v2\/pages\/2142\/revisions\/2146"}],"wp:attachment":[{"href":"https:\/\/caritaslondrina.com.br\/dese2\/wp-json\/wp\/v2\/media?parent=2142"}],"curies":[{"name":"wp","href":"https:\/\/api.w.org\/{rel}","templated":true}]}}