{"id":31,"date":"2020-01-28T11:35:46","date_gmt":"2020-01-28T11:35:46","guid":{"rendered":"https:\/\/caritaslondrina.com.br\/dese2\/?page_id=31"},"modified":"2020-02-11T14:28:40","modified_gmt":"2020-02-11T17:28:40","slug":"pcdi","status":"publish","type":"page","link":"https:\/\/caritaslondrina.com.br\/dese2\/pcdi\/","title":{"rendered":"Assessoria, Defesa E Garantia De Direitos"},"content":{"rendered":"\n<p>Enquanto defesa e garantia de direitos, temos por objetivos:<\/p>\n\n\n\n<ul class=\"wp-block-list\"><li>Fortalecer a participa\u00e7\u00e3o, autonomia e protagonismo de movimentos sociais, organiza\u00e7\u00f5es e grupos populares e de usu\u00e1rios, por meio do assessoramento pol\u00edtico, t\u00e9cnico, administrativo e financeiro de forma continuada e planejada, por meio da organiza\u00e7\u00e3o de encontros, forma\u00e7\u00f5es e capacita\u00e7\u00f5es;<\/li><\/ul>\n\n\n\n<ul class=\"wp-block-list\"><li>Fortalecer e qualificar as entidades e organiza\u00e7\u00f5es quanto ao seu planejamento, capta\u00e7\u00e3o de recursos, gest\u00e3o, monitoramento, avalia\u00e7\u00e3o, oferta e execu\u00e7\u00e3o dos servi\u00e7os, por meio de capacita\u00e7\u00f5es e forma\u00e7\u00f5es sistem\u00e1ticas.<\/li><\/ul>\n","protected":false},"excerpt":{"rendered":"<p>Enquanto defesa e garantia de direitos, temos por objetivos: Fortalecer a participa\u00e7\u00e3o, autonomia e protagonismo de movimentos sociais, organiza\u00e7\u00f5es e grupos populares e de usu\u00e1rios, por meio do assessoramento pol\u00edtico, t\u00e9cnico, administrativo e financeiro de forma continuada e planejada, por meio da organiza\u00e7\u00e3o de encontros, forma\u00e7\u00f5es e capacita\u00e7\u00f5es; Fortalecer e qualificar as entidades e organiza\u00e7\u00f5es &hellip;<\/p>\n<p class=\"read-more\"> <a class=\"\" href=\"https:\/\/caritaslondrina.com.br\/dese2\/pcdi\/\"> <span class=\"screen-reader-text\">Assessoria, Defesa E Garantia De Direitos<\/span> Leia mais &raquo;<\/a><\/p>\n","protected":false},"author":1,"featured_media":0,"parent":0,"menu_order":0,"comment_status":"closed","ping_status":"closed","template":"","meta":{"_coblocks_attr":"","_coblocks_dimensions":"","_coblocks_responsive_height":"","_coblocks_accordion_ie_support":"","_uag_custom_page_level_css":"","advgb_blocks_editor_width":"","advgb_blocks_columns_visual_guide":"","_mi_skip_tracking":false,"_monsterinsights_sitenote_active":false,"_monsterinsights_sitenote_note":"","_monsterinsights_sitenote_category":0,"site-sidebar-layout":"default","site-content-layout":"default","ast-global-header-display":"","ast-banner-title-visibility":"","ast-main-header-display":"","ast-hfb-above-header-display":"","ast-hfb-below-header-display":"","ast-hfb-mobile-header-display":"","site-post-title":"","ast-breadcrumbs-content":"","ast-featured-img":"","footer-sml-layout":"","theme-transparent-header-meta":"default","adv-header-id-meta":"","stick-header-meta":"","header-above-stick-meta":"","header-main-stick-meta":"","header-below-stick-meta":"","footnotes":""},"class_list":["post-31","page","type-page","status-publish","hentry"],"uagb_featured_image_src":{"full":false,"thumbnail":false,"medium":false,"medium_large":false,"large":false,"1536x1536":false,"2048x2048":false},"uagb_author_info":{"display_name":"admin","author_link":"https:\/\/caritaslondrina.com.br\/dese2\/author\/admin\/"},"uagb_comment_info":0,"uagb_excerpt":"Enquanto defesa e garantia de direitos, temos por objetivos: Fortalecer a participa\u00e7\u00e3o, autonomia e protagonismo de movimentos sociais, organiza\u00e7\u00f5es e grupos populares e de usu\u00e1rios, por meio do assessoramento pol\u00edtico, t\u00e9cnico, administrativo e financeiro de forma continuada e planejada, por meio da organiza\u00e7\u00e3o de encontros, forma\u00e7\u00f5es e capacita\u00e7\u00f5es; Fortalecer e qualificar as entidades e organiza\u00e7\u00f5es&hellip;","coauthors":[],"author_meta":{"author_link":"https:\/\/caritaslondrina.com.br\/dese2\/author\/admin\/","display_name":"admin"},"relative_dates":{"created":"Publicado 6 anos atr\u00e1s","modified":"Atualizado 6 anos atr\u00e1s"},"absolute_dates":{"created":"Publicado em 28 de janeiro de 2020","modified":"Atualizado em 11 de fevereiro de 2020"},"absolute_dates_time":{"created":"Publicado em 28 de janeiro de 2020 11:35 am","modified":"Atualizado em 11 de fevereiro de 2020 2:28 pm"},"featured_img_caption":"","featured_img":false,"series_order":"","_links":{"self":[{"href":"https:\/\/caritaslondrina.com.br\/dese2\/wp-json\/wp\/v2\/pages\/31","targetHints":{"allow":["GET"]}}],"collection":[{"href":"https:\/\/caritaslondrina.com.br\/dese2\/wp-json\/wp\/v2\/pages"}],"about":[{"href":"https:\/\/caritaslondrina.com.br\/dese2\/wp-json\/wp\/v2\/types\/page"}],"author":[{"embeddable":true,"href":"https:\/\/caritaslondrina.com.br\/dese2\/wp-json\/wp\/v2\/users\/1"}],"replies":[{"embeddable":true,"href":"https:\/\/caritaslondrina.com.br\/dese2\/wp-json\/wp\/v2\/comments?post=31"}],"version-history":[{"count":5,"href":"https:\/\/caritaslondrina.com.br\/dese2\/wp-json\/wp\/v2\/pages\/31\/revisions"}],"predecessor-version":[{"id":171,"href":"https:\/\/caritaslondrina.com.br\/dese2\/wp-json\/wp\/v2\/pages\/31\/revisions\/171"}],"wp:attachment":[{"href":"https:\/\/caritaslondrina.com.br\/dese2\/wp-json\/wp\/v2\/media?parent=31"}],"curies":[{"name":"wp","href":"https:\/\/api.w.org\/{rel}","templated":true}]}}