{"id":33,"date":"2020-01-28T11:35:57","date_gmt":"2020-01-28T11:35:57","guid":{"rendered":"https:\/\/caritaslondrina.com.br\/dese2\/?page_id=33"},"modified":"2023-05-24T15:20:57","modified_gmt":"2023-05-24T18:20:57","slug":"atendimento-a-migrantes","status":"publish","type":"page","link":"https:\/\/caritaslondrina.com.br\/dese2\/atendimento-a-migrantes\/","title":{"rendered":"Atendimento aos migrantes e imigrantes"},"content":{"rendered":"\n<p class=\"has-drop-cap\">A <strong>C\u00e1ritas Londrina <\/strong>tem refer\u00eancia no Comit\u00ea Nacional de Refugiados (CONARE) e no Conselho Estadual dos Direitos dos Refugiados, Migrantes e Ap\u00e1tridas do Paran\u00e1 (CERMA\/PR). Toda a atua\u00e7\u00e3o \u00e9 feita em parceria com a Pastoral do Migrante da Arquidiocese de Londrina.<br><br>Londrina est\u00e1 localizada em uma chamada &#8220;rota de fronteira seca&#8221; para os imigrantes que cruzam a fronteira de pa\u00edses sul-americanos como Argentina, Bol\u00edvia, Paraguai e Uruguai, preferencialmente com destino \u00e0 cidade de S\u00e3o Paulo. \u00c9 notado tamb\u00e9m um movimento migrat\u00f3rio de indiv\u00edduos vindos do Haiti (Am\u00e9rica Central) e Bangladesh (\u00c1sia). Grande parte dos imigrantes atendidos pela <strong>C\u00e1ritas Londrina<\/strong> s\u00e3o encaminhados \u00e0 Pol\u00edcia Federal e por servi\u00e7os do Munic\u00edpio para solicita\u00e7\u00f5es de documentos, visando a perman\u00eancia no pa\u00eds, e tamb\u00e9m para o acompanhamento de car\u00e1ter socioassistencial. A Defensoria P\u00fablica da Uni\u00e3o (DPU) tamb\u00e9m atua como um parceiro nestes atendimentos.<br><br>Com isso, o objetivo da <strong>C\u00e1ritas Londrina<\/strong> \u00e9 ofertar atendimento e acolhida \u00e0 essas pessoas em situa\u00e7\u00e3o de vulnerabilidade, bem como facilitar sua adapta\u00e7\u00e3o atrav\u00e9s do acompanhamento da Pastoral do Migrante.<br><br>Durante a perman\u00eancia no Munic\u00edpio, os imigrantes que se interessarem em aprender o idioma brasileiro foram inseridos em aulas de portugu\u00eas, lecionados por volunt\u00e1rios londrinenses, e das cidades vizinhas de Camb\u00e9 e Rol\u00e2ndia, todos supervisionados por equipes da <strong>C\u00e1ritas Londrina<\/strong> e da Pastoral do Migrante. Al\u00e9m disso, eventos de integra\u00e7\u00e3o s\u00e3o organizados para fortalecer a reintegra\u00e7\u00e3o deste grupo \u00e0 sociedade.<\/p>\n\n\n\n<div style=\"height:30px\" aria-hidden=\"true\" class=\"wp-block-spacer\"><\/div>\n\n\n\n<h2 class=\"wp-block-heading\">Reuni\u00e3o Familiar<\/h2>\n\n\n\n<p>Caso deseje fazer uma reuniao familiar preencha o formul\u00e1rio a seguir<\/p>\n\n\n\n<div class=\"wp-block-uagb-buttons uagb-buttons__outer-wrap uagb-btn__default-btn uagb-btn-tablet__default-btn uagb-btn-mobile__default-btn uagb-block-86156ac7\"><div class=\"uagb-buttons__wrap uagb-buttons-layout-wrap\">\n<div data-aos= \"fade\" data-aos-duration=\"400\" data-aos-delay=\"0\" data-aos-easing=\"ease\" data-aos-once=\"true\" class=\"wp-block-uagb-buttons-child uagb-buttons__outer-wrap uagb-block-56470126 wp-block-button is-style-outline\"><div class=\"uagb-button__wrapper\"><a class=\"uagb-buttons-repeater wp-block-button__link has-background has-text-color\" href=\"https:\/\/caritaslondrina.com.br\/dese2\/reuniaofamiliar\/\" onclick=\"return true;\" rel=\"follow noopener\" target=\"_self\"><div class=\"uagb-button__link\">Formul\u00e1rio de Cadastro<\/div><span class=\"uagb-button__icon uagb-button__icon-position-after\"><svg xmlns=\"https:\/\/www.w3.org\/2000\/svg\" viewBox=\"0 0 448 512\"><path d=\"M448 75.2v361.7c0 24.3-19 43.2-43.2 43.2H43.2C19.3 480 0 461.4 0 436.8V75.2C0 51.1 18.8 32 43.2 32h361.7c24 0 43.1 18.8 43.1 43.2zm-37.3 361.6V75.2c0-3-2.6-5.8-5.8-5.8h-9.3L285.3 144 224 94.1 162.8 144 52.5 69.3h-9.3c-3.2 0-5.8 2.8-5.8 5.8v361.7c0 3 2.6 5.8 5.8 5.8h361.7c3.2 .1 5.8-2.7 5.8-5.8zM150.2 186v37H76.7v-37h73.5zm0 74.4v37.3H76.7v-37.3h73.5zm11.1-147.3l54-43.7H96.8l64.5 43.7zm210 72.9v37h-196v-37h196zm0 74.4v37.3h-196v-37.3h196zm-84.6-147.3l64.5-43.7H232.8l53.9 43.7zM371.3 335v37.3h-99.4V335h99.4z\"><\/path><\/svg><\/span><\/a><\/div><\/div>\n<\/div><\/div>\n","protected":false},"excerpt":{"rendered":"<p>A C\u00e1ritas Londrina tem refer\u00eancia no Comit\u00ea Nacional de Refugiados (CONARE) e no Conselho Estadual dos Direitos dos Refugiados, Migrantes e Ap\u00e1tridas do Paran\u00e1 (CERMA\/PR). Toda a atua\u00e7\u00e3o \u00e9 feita em parceria com a Pastoral do Migrante da Arquidiocese de Londrina. Londrina est\u00e1 localizada em uma chamada &#8220;rota de fronteira seca&#8221; para os imigrantes que &hellip;<\/p>\n<p class=\"read-more\"> <a class=\"\" href=\"https:\/\/caritaslondrina.com.br\/dese2\/atendimento-a-migrantes\/\"> <span class=\"screen-reader-text\">Atendimento aos migrantes e imigrantes<\/span> Leia mais &raquo;<\/a><\/p>\n","protected":false},"author":1,"featured_media":0,"parent":0,"menu_order":0,"comment_status":"closed","ping_status":"closed","template":"","meta":{"_coblocks_attr":"","_coblocks_dimensions":"","_coblocks_responsive_height":"","_coblocks_accordion_ie_support":"","_uag_custom_page_level_css":"","advgb_blocks_editor_width":"","advgb_blocks_columns_visual_guide":"","_mi_skip_tracking":false,"_monsterinsights_sitenote_active":false,"_monsterinsights_sitenote_note":"","_monsterinsights_sitenote_category":0,"site-sidebar-layout":"default","site-content-layout":"default","ast-global-header-display":"","ast-banner-title-visibility":"","ast-main-header-display":"","ast-hfb-above-header-display":"","ast-hfb-below-header-display":"","ast-hfb-mobile-header-display":"","site-post-title":"","ast-breadcrumbs-content":"","ast-featured-img":"","footer-sml-layout":"","theme-transparent-header-meta":"default","adv-header-id-meta":"","stick-header-meta":"","header-above-stick-meta":"","header-main-stick-meta":"","header-below-stick-meta":"","footnotes":""},"class_list":["post-33","page","type-page","status-publish","hentry"],"uagb_featured_image_src":{"full":false,"thumbnail":false,"medium":false,"medium_large":false,"large":false,"1536x1536":false,"2048x2048":false},"uagb_author_info":{"display_name":"admin","author_link":"https:\/\/caritaslondrina.com.br\/dese2\/author\/admin\/"},"uagb_comment_info":0,"uagb_excerpt":"A C\u00e1ritas Londrina tem refer\u00eancia no Comit\u00ea Nacional de Refugiados (CONARE) e no Conselho Estadual dos Direitos dos Refugiados, Migrantes e Ap\u00e1tridas do Paran\u00e1 (CERMA\/PR). Toda a atua\u00e7\u00e3o \u00e9 feita em parceria com a Pastoral do Migrante da Arquidiocese de Londrina. Londrina est\u00e1 localizada em uma chamada &#8220;rota de fronteira seca&#8221; para os imigrantes que&hellip;","coauthors":[],"author_meta":{"author_link":"https:\/\/caritaslondrina.com.br\/dese2\/author\/admin\/","display_name":"admin"},"relative_dates":{"created":"Publicado 6 anos atr\u00e1s","modified":"Atualizado 3 anos atr\u00e1s"},"absolute_dates":{"created":"Publicado em 28 de janeiro de 2020","modified":"Atualizado em 24 de maio de 2023"},"absolute_dates_time":{"created":"Publicado em 28 de janeiro de 2020 11:35 am","modified":"Atualizado em 24 de maio de 2023 3:20 pm"},"featured_img_caption":"","featured_img":false,"series_order":"","_links":{"self":[{"href":"https:\/\/caritaslondrina.com.br\/dese2\/wp-json\/wp\/v2\/pages\/33","targetHints":{"allow":["GET"]}}],"collection":[{"href":"https:\/\/caritaslondrina.com.br\/dese2\/wp-json\/wp\/v2\/pages"}],"about":[{"href":"https:\/\/caritaslondrina.com.br\/dese2\/wp-json\/wp\/v2\/types\/page"}],"author":[{"embeddable":true,"href":"https:\/\/caritaslondrina.com.br\/dese2\/wp-json\/wp\/v2\/users\/1"}],"replies":[{"embeddable":true,"href":"https:\/\/caritaslondrina.com.br\/dese2\/wp-json\/wp\/v2\/comments?post=33"}],"version-history":[{"count":15,"href":"https:\/\/caritaslondrina.com.br\/dese2\/wp-json\/wp\/v2\/pages\/33\/revisions"}],"predecessor-version":[{"id":1481,"href":"https:\/\/caritaslondrina.com.br\/dese2\/wp-json\/wp\/v2\/pages\/33\/revisions\/1481"}],"wp:attachment":[{"href":"https:\/\/caritaslondrina.com.br\/dese2\/wp-json\/wp\/v2\/media?parent=33"}],"curies":[{"name":"wp","href":"https:\/\/api.w.org\/{rel}","templated":true}]}}