{"id":560,"date":"2020-09-25T19:09:06","date_gmt":"2020-09-25T22:09:06","guid":{"rendered":"https:\/\/caritaslondrina.com.br\/dese2\/?page_id=560"},"modified":"2020-10-23T11:03:10","modified_gmt":"2020-10-23T14:03:10","slug":"voluntariado","status":"publish","type":"page","link":"https:\/\/caritaslondrina.com.br\/dese2\/voluntariado\/","title":{"rendered":"POL\u00cdTICA NACIONAL DO VOLUNTARIADO"},"content":{"rendered":"\n<p>Ao longo dos anos, os projetos desenvolvidos pela C\u00e1ritas Londrina foram ganhando for\u00e7a e verificou-se a necessidade de envolver cada vez mais a comunidade, buscando volunt\u00e1rios proativos e comprometidos com a causa da nossa institui\u00e7\u00e3o.<br>A express\u00e3o mais concreta da pastoralidade e identidade m\u00edstica e espiritualidade inicia-se sempre no ser e fazer da C\u00e1ritas.<\/p>\n\n\n\n<p>Essa express\u00e3o \u00e9 indicada pela atitude em que a a\u00e7\u00e3o pastoral social da C\u00e1ritas \u00e9 vista e apresentada pelas pessoas que a constroem. Entre as pessoas que a constroem est\u00e3o os\/as volunt\u00e1rios\/as.<\/p>\n\n\n\n<p><strong>P\u00fablico-alvo: <\/strong>adultos (18 a 60 anos) de qualquer g\u00eanero que gostem de ajudar o pr\u00f3ximo, sejam proativos, dedicados e comprometidos. Volunt\u00e1rios\/as s\u00e3o pessoas que, n\u00e3o recebendo remunera\u00e7\u00e3o, t\u00eam como motiva\u00e7\u00e3o em sua colabora\u00e7\u00e3o volunt\u00e1ria um sinal prof\u00e9tico a favor da fraternidade universal, testemunhando dia a dia, doando seus dons, talentos e tempo com e aos Pobres, \u00e0 concretiza\u00e7\u00e3o do Reino de Deus com uma sociedade mais justa e solid\u00e1ria.<\/p>\n\n\n\n<p><strong>Objetivo Geral do Voluntariado: <\/strong>A a\u00e7\u00e3o volunt\u00e1ria \u00e9 dirigida para a efetiva\u00e7\u00e3o dos referenciais institucionais da Rede C\u00e1ritas e da Pastoral Social da Igreja, junto com os Objetivos de Desenvolvimento Sustent\u00e1vel (ODS), contribui para construir uma vida melhor para as pessoas e colabora com a mobiliza\u00e7\u00e3o de pessoas em esfor\u00e7os comuns, a fim de potencializar boas pr\u00e1ticas de transforma\u00e7\u00e3o social.<\/p>\n\n\n\n<p><strong>Objetivos Espec\u00edficos do Voluntariado:<\/strong><br>&#8211; Distribuir melhor as responsabilidades em espa\u00e7os de gest\u00e3o da C\u00e1ritas<br>&#8211; Melhor distribui\u00e7\u00e3o de tarefas cotidianas de modo a maximizar a\u00e7\u00f5es e evitar sobrecarga de trabalho;<br>&#8211; Pluralidade de perfis de agentes C\u00e1ritas;<br>&#8211; Abertura de novas a\u00e7\u00f5es\/projetos\/ideias;<br>&#8211; Possibilidade de volunt\u00e1rios\/as agregarem sua expertise t\u00e9cnica \u00e0 C\u00e1ritas;<br>&#8211; Estimular a transforma\u00e7\u00e3o social atrav\u00e9s de uma nova perspectiva.<\/p>\n\n\n\n<h2 class=\"wp-block-heading\">Voluntariado na Miss\u00e3o Social da Igreja e para C\u00e1ritas Brasileira<\/h2>\n\n\n\n<p>De acordo com documento que trata sobre a Pol\u00edtica Nacional do Voluntariado, a a\u00e7\u00e3o transformadora da Igreja situa-se no marco da sua miss\u00e3o evangelizadora: promover o cuidado incondicional. No contexto atual, a Igreja e suas organiza\u00e7\u00f5es, por meio da colabora\u00e7\u00e3o da a\u00e7\u00e3o pastoral social, exigem ainda mais convers\u00e3o \u00e0 sua miss\u00e3o prof\u00e9tica de defesa de direitos e com projetos concretos, com, para e aos pobres, superando sempre, radicalmente, todo tipo de mera colabora\u00e7\u00e3o social que n\u00e3o possui investimento evang\u00e9lico e eclesial.<br><br>A C\u00e1ritas tem a tarefa de colocar &#8220;em movimento e atualizar o servi\u00e7o da caridade&#8221;. Deve ser express\u00e3o do amor da Igreja no \u00e2mbito da sua miss\u00e3o evangelizadora. A C\u00e1ritas participa nesta miss\u00e3o da Igreja, portanto, atrav\u00e9s do testemunho prof\u00e9tico:<br><br><strong>Testemunho, <\/strong>porque a a\u00e7\u00e3o social transformadora da C\u00e1ritas deve expressar os sinais do Reino de Deus: atuar em prol da justi\u00e7a, solidariedade e hospitalidade incondicional com os pobres e os bens naturais.<br><br><strong>Prof\u00e9tico, <\/strong>porque a C\u00e1ritas deve influenciar a mudan\u00e7a social nela mesma, bem como nos mecanismos sociais e organiza\u00e7\u00f5es parceiras, para alcan\u00e7ar a realiza\u00e7\u00e3o da revolu\u00e7\u00e3o do amor. O testemunho precisa de testemunhas. As testemunhas do Evangelho s\u00e3o sempre pessoas concretas que se manifestam em gestos concretos, na busca de coer\u00eancia coletiva, manifestar por meio da organiza\u00e7\u00e3o e vida comunit\u00e1ria. <br><br>Para a C\u00e1ritas, essas testemunhas s\u00e3o os pr\u00f3prios volunt\u00e1rios, que sendo pessoas que n\u00e3o recebem nenhum tipo de remunera\u00e7\u00e3o, t\u00eam como motiva\u00e7\u00e3o em sua colabora\u00e7\u00e3o volunt\u00e1ria um sinal prof\u00e9tico a favor da fraternidade universal, testemunhando dia a dia, doando seus dons, talentos e tempo com e aos pobres, \u00e0 concretiza\u00e7\u00e3o do Reino de Deus com uma sociedade mais justa e solid\u00e1ria. <br><br>O voluntariado para a C\u00e1ritas, portanto, n\u00e3o \u00e9 uma realidade circunstancial, (se ele existe bem e, se n\u00e3o, tamb\u00e9m). Estamos diante de um elemento essencial da identidade da C\u00e1ritas. Quando falamos de voluntariado, referimo-nos a essas pessoas que, com a cultura da gratuidade e da solidariedade, est\u00e3o colaborando em especial com os pobres e est\u00e3o dispostos em participar, ouvir, orientar, ajudar e apoiar todos aqueles cidad\u00e3os e irm\u00e3os a quem as estruturas sociais baseadas no lucro e na explora\u00e7\u00e3o empobrecem e maltratam. <br><br>Assim, podemos afirmar que sem o\/a volunt\u00e1rio\/a n\u00e3o seria poss\u00edvel a miss\u00e3o social transformadora da Igreja, da C\u00e1ritas. Na a\u00e7\u00e3o caritativa e social da Igreja, o voluntariado possui e desempenha um papel insubsitu\u00edvel. Sem ele, o exerc\u00edcio da caridade na vida da Igreja seria simplesmente imposs\u00edvel. O cultivo da interioridade, da f\u00e9 e da caridade, feito com respeito pela liberdade de consci\u00eancias, \u00e9 um objetivo que n\u00e3o pode ser esquecido pelo\/a volunt\u00e1rio\/a C\u00e1ritas; porque confia a essas pessoas a express\u00e3o de sua identidade e miss\u00e3o evangelizadora no mundo.<br><br>Para ser eficiente e eficaz, a a\u00e7\u00e3o volunt\u00e1ria deve estar fundada no princ\u00edpio da solidariedade e em conson\u00e2ncia com pol\u00edticas p\u00fablicas que favore\u00e7am a participa\u00e7\u00e3o social e a redu\u00e7\u00e3o das enormes desigualdades do nosso pa\u00eds e do mundo &#8211; esse \u00e9 o sentido do voluntariado para a Rede C\u00e1ritas: unir os esfor\u00e7os para a constru\u00e7\u00e3o do Bem Viver, de iniciativas locais para a vida comum e com justi\u00e7a social, somando vontades, princ\u00edpios, energias, sentimentos e solidariedades de pessoas volunt\u00e1rias.<\/p>\n\n\n\n<h2 class=\"wp-block-heading\">Outros referenciais de conceitos de Voluntariado<\/h2>\n\n\n\n<p>O documento <strong>Pol\u00edtica Nacional do Voluntariado <\/strong>da C\u00e1ritas Brasil afirma que com as transforma\u00e7\u00f5es do Estado e da sociedade civil, que marcaram as \u00faltimas d\u00e9cadas, sobretudo no \u00e2mbito das rela\u00e7\u00f5es entre o Estado e a sociedade civil, abrindo novas possibilidades de participa\u00e7\u00e3o nos processos decis\u00f3rios do pa\u00eds, a a\u00e7\u00e3o volunt\u00e1ria vem tomando espa\u00e7o privilegiado no \u00e2mbito das pr\u00e1ticas de transforma\u00e7\u00e3o social concretas, chegando mesmo a ser considerada fundamental para que os projetos de desenvolvimento tenham resultado, sobretudo para organiza\u00e7\u00f5es da sociedade civil<br><br>O voluntariado que nasce desse encontro da solidariedade com a cidadania n\u00e3o \u00e9 para substituir o Estado, nem se chocar com o trabalho remunerado conforme o marco legal do trabalho, mas exprime a capacidade de a sociedade assumir responsabilidades no esfor\u00e7o coletivo de constru\u00e7\u00e3o de iniciativas concretas para enfrentamento dos problemas sociais e defesa e garantis de direitos. Mesmo considerando esses princ\u00edpios, n\u00e3o existe um conceito absoluto sobre o que \u00e9 ser volunt\u00e1rio\/a, sendo poss\u00edvel, contudo, partir de uma defini\u00e7\u00e3o m\u00ednima sobre o termo, apoiando-se sobre conceitua\u00e7\u00f5es de diversas organiza\u00e7\u00f5es.<br><br>Para o programa das Na\u00e7\u00f5es Unidas para o Volunt\u00e1rio (NUV), por exemplo, <em>&#8220;o volunt\u00e1rio \u00e9 o jovem ou o adulto que, devido ao seu interesse pessoal e ao esp\u00edrito c\u00edvico, dedica parte de seu tempo, sem remunera\u00e7\u00e3o alguma, a diversas formas de atividades, organizadas ou n\u00e3o, de bem-estar social ou outros campos&#8221;.<\/em><br><br>Desse modo, na colabora\u00e7\u00e3o volunt\u00e1ria, o dinheiro n\u00e3o \u00e9 o objetivo final, nem a medida de refer\u00eancia. Coopera\u00e7\u00e3o, responsabilidade, compromisso, solidariedade, toler\u00e2ncia deixam de ser abstra\u00e7\u00f5es para se tornar realidade.<br><br><\/p>\n","protected":false},"excerpt":{"rendered":"<p>Ao longo dos anos, os projetos desenvolvidos pela C\u00e1ritas Londrina foram ganhando for\u00e7a e verificou-se a necessidade de envolver cada vez mais a comunidade, buscando volunt\u00e1rios proativos e comprometidos com a causa da nossa institui\u00e7\u00e3o.A express\u00e3o mais concreta da pastoralidade e identidade m\u00edstica e espiritualidade inicia-se sempre no ser e fazer da C\u00e1ritas. Essa express\u00e3o &hellip;<\/p>\n<p class=\"read-more\"> <a class=\"\" href=\"https:\/\/caritaslondrina.com.br\/dese2\/voluntariado\/\"> <span class=\"screen-reader-text\">POL\u00cdTICA NACIONAL DO VOLUNTARIADO<\/span> Leia mais &raquo;<\/a><\/p>\n","protected":false},"author":4,"featured_media":0,"parent":0,"menu_order":0,"comment_status":"closed","ping_status":"closed","template":"","meta":{"_coblocks_attr":"","_coblocks_dimensions":"","_coblocks_responsive_height":"","_coblocks_accordion_ie_support":"","_uag_custom_page_level_css":"","advgb_blocks_editor_width":"","advgb_blocks_columns_visual_guide":"","_mi_skip_tracking":false,"_monsterinsights_sitenote_active":false,"_monsterinsights_sitenote_note":"","_monsterinsights_sitenote_category":0,"site-sidebar-layout":"default","site-content-layout":"default","ast-global-header-display":"","ast-banner-title-visibility":"","ast-main-header-display":"","ast-hfb-above-header-display":"","ast-hfb-below-header-display":"","ast-hfb-mobile-header-display":"","site-post-title":"","ast-breadcrumbs-content":"","ast-featured-img":"","footer-sml-layout":"","theme-transparent-header-meta":"default","adv-header-id-meta":"","stick-header-meta":"","header-above-stick-meta":"","header-main-stick-meta":"","header-below-stick-meta":"","footnotes":""},"class_list":["post-560","page","type-page","status-publish","hentry"],"uagb_featured_image_src":{"full":false,"thumbnail":false,"medium":false,"medium_large":false,"large":false,"1536x1536":false,"2048x2048":false},"uagb_author_info":{"display_name":"Fellipe Tereska","author_link":"https:\/\/caritaslondrina.com.br\/dese2\/author\/fellipe-tereska\/"},"uagb_comment_info":0,"uagb_excerpt":"Ao longo dos anos, os projetos desenvolvidos pela C\u00e1ritas Londrina foram ganhando for\u00e7a e verificou-se a necessidade de envolver cada vez mais a comunidade, buscando volunt\u00e1rios proativos e comprometidos com a causa da nossa institui\u00e7\u00e3o.A express\u00e3o mais concreta da pastoralidade e identidade m\u00edstica e espiritualidade inicia-se sempre no ser e fazer da C\u00e1ritas. Essa express\u00e3o&hellip;","coauthors":[],"author_meta":{"author_link":"https:\/\/caritaslondrina.com.br\/dese2\/author\/fellipe-tereska\/","display_name":"Fellipe Tereska"},"relative_dates":{"created":"Publicado 6 anos atr\u00e1s","modified":"Atualizado 5 anos atr\u00e1s"},"absolute_dates":{"created":"Publicado em 25 de setembro de 2020","modified":"Atualizado em 23 de outubro de 2020"},"absolute_dates_time":{"created":"Publicado em 25 de setembro de 2020 7:09 pm","modified":"Atualizado em 23 de outubro de 2020 11:03 am"},"featured_img_caption":"","featured_img":false,"series_order":"","_links":{"self":[{"href":"https:\/\/caritaslondrina.com.br\/dese2\/wp-json\/wp\/v2\/pages\/560","targetHints":{"allow":["GET"]}}],"collection":[{"href":"https:\/\/caritaslondrina.com.br\/dese2\/wp-json\/wp\/v2\/pages"}],"about":[{"href":"https:\/\/caritaslondrina.com.br\/dese2\/wp-json\/wp\/v2\/types\/page"}],"author":[{"embeddable":true,"href":"https:\/\/caritaslondrina.com.br\/dese2\/wp-json\/wp\/v2\/users\/4"}],"replies":[{"embeddable":true,"href":"https:\/\/caritaslondrina.com.br\/dese2\/wp-json\/wp\/v2\/comments?post=560"}],"version-history":[{"count":4,"href":"https:\/\/caritaslondrina.com.br\/dese2\/wp-json\/wp\/v2\/pages\/560\/revisions"}],"predecessor-version":[{"id":798,"href":"https:\/\/caritaslondrina.com.br\/dese2\/wp-json\/wp\/v2\/pages\/560\/revisions\/798"}],"wp:attachment":[{"href":"https:\/\/caritaslondrina.com.br\/dese2\/wp-json\/wp\/v2\/media?parent=560"}],"curies":[{"name":"wp","href":"https:\/\/api.w.org\/{rel}","templated":true}]}}