{"id":564,"date":"2020-09-25T19:31:34","date_gmt":"2020-09-25T22:31:34","guid":{"rendered":"https:\/\/caritaslondrina.com.br\/dese2\/?page_id=564"},"modified":"2022-08-22T14:58:53","modified_gmt":"2022-08-22T17:58:53","slug":"campanha-da-fraternidade-2020","status":"publish","type":"page","link":"https:\/\/caritaslondrina.com.br\/dese2\/campanha-da-fraternidade-2020\/","title":{"rendered":"2020"},"content":{"rendered":"\n<p><strong>Tema: <\/strong>Fraternidade e vida: dom e compromisso<\/p>\n\n\n\n<p><strong>Lema: <\/strong>&#8220;Viu, sentiu compaix\u00e3o e cuidou dele&#8221; (Lc 10, 33-34)<\/p>\n\n\n\n<p><\/p>\n\n\n\n<p>A Campanha da Fraternidade (CF) 2020 se expressa concretamente pelas a\u00e7\u00f5es realizadas ao longo do ano, fundamentadas pelo tema proposto. Neste ano, a Campanha toma como refer\u00eancia a Par\u00e1bola do Bom Samaritano (contida no Livro de Lucas 10, 25-37), com personagens an\u00f4nimos, o Sacerdote e o Levita, que se desviam do homem ferido, pois n\u00e3o tinham tempo para ele.<\/p>\n\n\n\n<p>O Samaritano aproxima-se do ferido e, movido pela compaix\u00e3o, doa o seu tempo, ficando com ele \u00e0 noite, na hospedaria, paga as despesas de sua estadia e promete retribuir ao dono da hospedaria tudo o que por ventura gastasse a mais para cuidar daquele que sofreu o assalto. Sua postura inesperada \u00e9 o n\u00facleo do ensinamento de Jesus: o pr\u00f3ximo n\u00e3o \u00e9 apenas algu\u00e9m com quem possu\u00edmos v\u00ednculos, mas todo aquele de quem nos aproximamos.<\/p>\n\n\n\n<p>N\u00e3o \u00e9 a Lei, v\u00ednculo sangu\u00edneo ou liga\u00e7\u00e3o afetiva que estabelecem as prioridades, mas a compaix\u00e3o, que impulsiona a fazer pelo outro aquilo que nos \u00e9 poss\u00edvel, rompendo com toda indiferen\u00e7a. O compromisso evang\u00e9lico \u00e9 radical: todos devem ser amados, sem distin\u00e7\u00e3o.<\/p>\n\n\n\n<p>H\u00e1 uma \u00edntima conex\u00e3o entre evangeliza\u00e7\u00e3o e promo\u00e7\u00e3o humana que se deve exprimir e desenvolver em toda a a\u00e7\u00e3o evangelizadora. Tudo a partir do cora\u00e7\u00e3o do Evangelho em nossa Igreja, em todas as comunidades.<\/p>\n\n\n\n<h2 class=\"wp-block-heading\">Objetivo Geral da CF<\/h2>\n\n\n\n<p>Conscientizar, \u00e0 luz da Palavra de Deus, para o sentido da vida como Dom e Compromisso, que se traduz em rela\u00e7\u00f5es de m\u00fatuo cuidado entre as pessoas, na fam\u00edlia, na comunidade, na sociedade e no planeta, nossa Casa Comum<\/p>\n\n\n\n<h2 class=\"wp-block-heading\">Objetivos Espec\u00edficos<\/h2>\n\n\n\n<ul class=\"wp-block-list\"><li>Apresentar o sentido da vida proposto por Jesus<\/li><li>Propor a compaix\u00e3o, a ternura e o cuidado<\/li><li>Fortalecer a cultura do encontro, da fraternidade e da revolu\u00e7\u00e3o do cuidado<\/li><li>Promover e defender a vida da fecunda\u00e7\u00e3o ao seu fim natural<\/li><li>Despertar as fam\u00edlias para a beleza do amor<\/li><li>Preparar os crist\u00e3os e as comunidades para anunciar o Reino de Deus<\/li><li>Criar espa\u00e7os nas comunidades para que, pelo batismo, crisma e pela eucaristia, todos perceberem, na fraternidade, a vida como dom e compromisso<\/li><li>Despertar os jovens para o dom da beleza da vida e para cuidar de outros jovens<\/li><li>Valorizar, divulgar e fortalecer iniciativas em favor da vida<\/li><li>Conscientizar para a viv\u00eancia da ecologia integral<\/li><\/ul>\n\n\n\n<p><strong>Ora\u00e7\u00e3o da Campanha da Fraternidade 2020<\/strong><\/p>\n\n\n\n<p><em>Deus, nosso Pai, fonte da vida e princ\u00edpio do bem viver,<br>criastes o ser humano e lhe confiastes o mundo<br>como um jardim a ser cultivado com amor.<br><br>Dai-nos um cora\u00e7\u00e3o acolhedor para assumir<br>a vida como dom e compromisso.<br><br>Abri nossos olhos para ver as necessidades dos nossos irm\u00e3os e irm\u00e3s, sobretudo dos mais pobres e marginalizados. <br><br>Ensinai-nos a sentir verdadeira compaix\u00e3o<br>expressa no cuidado fraterno,<br>pr\u00f3prio de quem reconhece no pr\u00f3ximo <br>o rosto do vosso Filho.<br><br>Inspirai-nos palavras e a\u00e7\u00f5es para sermos<br>construtores de uma nova sociedade,<br>reconciliada no amor.<br><br>Dai-nos a gra\u00e7a de vivermos<br>em comunidades eclesiais mission\u00e1rias,<br>que, compadecidas,<br>vejam, se aproximem e cuidem<br>daqueles que sofrem,<br>a exemplo de Maria, a Senhora da Concei\u00e7\u00e3o Aparecida,<br>e de Santa Dulce dos Pobres, Anjo Bom do Brasil.<br><br>Por Jesus, o Filho amado,<br>no Esp\u00edrito, Senhor que d\u00e1 a vida.<br>Am\u00e9m! <\/em><\/p>\n\n\n\n<p><strong><a href=\"https:\/\/campanhas.cnbb.org.br\/campanha\/campanha-da-fraternidade-2020\" target=\"_blank\" rel=\"noreferrer noopener\" aria-label=\"P\u00e1gina da Campanha da Fraternidade 2020 no site da CNBB (abre numa nova aba)\">P\u00e1gina da Campanha da Fraternidade 2020 no site da CNBB<\/a><\/strong><\/p>\n","protected":false},"excerpt":{"rendered":"<p>Tema: Fraternidade e vida: dom e compromisso Lema: &#8220;Viu, sentiu compaix\u00e3o e cuidou dele&#8221; (Lc 10, 33-34) A Campanha da Fraternidade (CF) 2020 se expressa concretamente pelas a\u00e7\u00f5es realizadas ao longo do ano, fundamentadas pelo tema proposto. Neste ano, a Campanha toma como refer\u00eancia a Par\u00e1bola do Bom Samaritano (contida no Livro de Lucas 10, &hellip;<\/p>\n<p class=\"read-more\"> <a class=\"\" href=\"https:\/\/caritaslondrina.com.br\/dese2\/campanha-da-fraternidade-2020\/\"> <span class=\"screen-reader-text\">2020<\/span> Leia mais &raquo;<\/a><\/p>\n","protected":false},"author":4,"featured_media":0,"parent":0,"menu_order":0,"comment_status":"closed","ping_status":"closed","template":"","meta":{"_coblocks_attr":"","_coblocks_dimensions":"","_coblocks_responsive_height":"","_coblocks_accordion_ie_support":"","_uag_custom_page_level_css":"","advgb_blocks_editor_width":"","advgb_blocks_columns_visual_guide":"","_mi_skip_tracking":false,"_monsterinsights_sitenote_active":false,"_monsterinsights_sitenote_note":"","_monsterinsights_sitenote_category":0,"site-sidebar-layout":"default","site-content-layout":"default","ast-global-header-display":"","ast-banner-title-visibility":"","ast-main-header-display":"","ast-hfb-above-header-display":"","ast-hfb-below-header-display":"","ast-hfb-mobile-header-display":"","site-post-title":"","ast-breadcrumbs-content":"","ast-featured-img":"","footer-sml-layout":"","theme-transparent-header-meta":"default","adv-header-id-meta":"","stick-header-meta":"","header-above-stick-meta":"","header-main-stick-meta":"","header-below-stick-meta":"","footnotes":""},"class_list":["post-564","page","type-page","status-publish","hentry"],"uagb_featured_image_src":{"full":false,"thumbnail":false,"medium":false,"medium_large":false,"large":false,"1536x1536":false,"2048x2048":false},"uagb_author_info":{"display_name":"Fellipe Tereska","author_link":"https:\/\/caritaslondrina.com.br\/dese2\/author\/fellipe-tereska\/"},"uagb_comment_info":0,"uagb_excerpt":"Tema: Fraternidade e vida: dom e compromisso Lema: &#8220;Viu, sentiu compaix\u00e3o e cuidou dele&#8221; (Lc 10, 33-34) A Campanha da Fraternidade (CF) 2020 se expressa concretamente pelas a\u00e7\u00f5es realizadas ao longo do ano, fundamentadas pelo tema proposto. Neste ano, a Campanha toma como refer\u00eancia a Par\u00e1bola do Bom Samaritano (contida no Livro de Lucas 10,&hellip;","coauthors":[],"author_meta":{"author_link":"https:\/\/caritaslondrina.com.br\/dese2\/author\/fellipe-tereska\/","display_name":"Fellipe Tereska"},"relative_dates":{"created":"Publicado 6 anos atr\u00e1s","modified":"Atualizado 4 anos atr\u00e1s"},"absolute_dates":{"created":"Publicado em 25 de setembro de 2020","modified":"Atualizado em 22 de agosto de 2022"},"absolute_dates_time":{"created":"Publicado em 25 de setembro de 2020 7:31 pm","modified":"Atualizado em 22 de agosto de 2022 2:58 pm"},"featured_img_caption":"","featured_img":false,"series_order":"","_links":{"self":[{"href":"https:\/\/caritaslondrina.com.br\/dese2\/wp-json\/wp\/v2\/pages\/564","targetHints":{"allow":["GET"]}}],"collection":[{"href":"https:\/\/caritaslondrina.com.br\/dese2\/wp-json\/wp\/v2\/pages"}],"about":[{"href":"https:\/\/caritaslondrina.com.br\/dese2\/wp-json\/wp\/v2\/types\/page"}],"author":[{"embeddable":true,"href":"https:\/\/caritaslondrina.com.br\/dese2\/wp-json\/wp\/v2\/users\/4"}],"replies":[{"embeddable":true,"href":"https:\/\/caritaslondrina.com.br\/dese2\/wp-json\/wp\/v2\/comments?post=564"}],"version-history":[{"count":4,"href":"https:\/\/caritaslondrina.com.br\/dese2\/wp-json\/wp\/v2\/pages\/564\/revisions"}],"predecessor-version":[{"id":2199,"href":"https:\/\/caritaslondrina.com.br\/dese2\/wp-json\/wp\/v2\/pages\/564\/revisions\/2199"}],"wp:attachment":[{"href":"https:\/\/caritaslondrina.com.br\/dese2\/wp-json\/wp\/v2\/media?parent=564"}],"curies":[{"name":"wp","href":"https:\/\/api.w.org\/{rel}","templated":true}]}}