{"id":570,"date":"2020-09-25T19:33:53","date_gmt":"2020-09-25T22:33:53","guid":{"rendered":"https:\/\/caritaslondrina.com.br\/dese2\/?page_id=570"},"modified":"2020-10-23T11:13:21","modified_gmt":"2020-10-23T14:13:21","slug":"coleta-da-solidariedade","status":"publish","type":"page","link":"https:\/\/caritaslondrina.com.br\/dese2\/coleta-da-solidariedade\/","title":{"rendered":"COLETA DA SOLIDARIEDADE"},"content":{"rendered":"\n<p>A Coleta Nacional da Solidariedade ocorre na celebra\u00e7\u00e3o do Domingo de Ramos &#8211; dia em que os crist\u00e3os e crist\u00e3s fazem mem\u00f3ria \u00e0 entrada de Jesus em Jerusal\u00e9m. A Coleta Nacional da Solidariedade \u00e9 o gesto concreto da Campanha da Fraternidade e suas doa\u00e7\u00f5es comp\u00f5em os Fundos Nacional e Diocesano de Solidariedade. <br><br>Bispos, padres, religiosos(as), lideran\u00e7as leigas, agentes de pastoral, col\u00e9gios cat\u00f3licos e movimentos eclesiais s\u00e3o os principais motivadores e animadores desta coleta. A Coleta da Solidariedade \u00e9 uma forma de promover reflex\u00e3o sobre os diversos problemas sociais e de o fiel contribuir diretamente para colocar em pr\u00e1tica tudo o que se \u00e9 incentivado durante a CF. <br><br>Segundo Dom Rodolfo Lu\u00eds Weber, Arcebispo de Passo Fundo, em <a href=\"https:\/\/www.cnbb.org.br\/coleta-da-solidariedade\/\">artigo publicado no site da CNBB<\/a>, disse que a Coleta da Solidariedade <em>&#8220;n\u00e3o \u00e9 imposto, nem taxa, nem pagamento. Estes se caracterizam pela obrigatoriedade. A coleta tem a marca da doa\u00e7\u00e3o. O discernimento sobre o dar e quanto dar recai sobre a consci\u00eancia do doador. \u00c9 ele que decidir\u00e1 sobre a causa e os destinat\u00e1rios da coleta. O ap\u00f3stolo S\u00e3o Paulo, na segunda carta aos Cor\u00edntios, cap\u00edtulos 8 e 9, motiva os crist\u00e3os daquela cidade para fazerem uma coleta para as comunidades de Jerusal\u00e9m que estavam passando por uma grande necessidade. Assim os motiva: \u201c\u201dQue cada um d\u00ea conforme tiver decidido em seu cora\u00e7\u00e3o, sem pesar nem constrangimento, pois \u201cDeus ama quem d\u00e1 com alegria\u201d (2 Cor 9,7)<\/em>.<br><br><\/p>\n","protected":false},"excerpt":{"rendered":"<p>A Coleta Nacional da Solidariedade ocorre na celebra\u00e7\u00e3o do Domingo de Ramos &#8211; dia em que os crist\u00e3os e crist\u00e3s fazem mem\u00f3ria \u00e0 entrada de Jesus em Jerusal\u00e9m. A Coleta Nacional da Solidariedade \u00e9 o gesto concreto da Campanha da Fraternidade e suas doa\u00e7\u00f5es comp\u00f5em os Fundos Nacional e Diocesano de Solidariedade. Bispos, padres, religiosos(as), &hellip;<\/p>\n<p class=\"read-more\"> <a class=\"\" href=\"https:\/\/caritaslondrina.com.br\/dese2\/coleta-da-solidariedade\/\"> <span class=\"screen-reader-text\">COLETA DA SOLIDARIEDADE<\/span> Leia mais &raquo;<\/a><\/p>\n","protected":false},"author":4,"featured_media":0,"parent":0,"menu_order":0,"comment_status":"closed","ping_status":"closed","template":"","meta":{"_coblocks_attr":"","_coblocks_dimensions":"","_coblocks_responsive_height":"","_coblocks_accordion_ie_support":"","_uag_custom_page_level_css":"","advgb_blocks_editor_width":"","advgb_blocks_columns_visual_guide":"","_mi_skip_tracking":false,"_monsterinsights_sitenote_active":false,"_monsterinsights_sitenote_note":"","_monsterinsights_sitenote_category":0,"site-sidebar-layout":"default","site-content-layout":"default","ast-global-header-display":"","ast-banner-title-visibility":"","ast-main-header-display":"","ast-hfb-above-header-display":"","ast-hfb-below-header-display":"","ast-hfb-mobile-header-display":"","site-post-title":"","ast-breadcrumbs-content":"","ast-featured-img":"","footer-sml-layout":"","theme-transparent-header-meta":"default","adv-header-id-meta":"","stick-header-meta":"","header-above-stick-meta":"","header-main-stick-meta":"","header-below-stick-meta":"","footnotes":""},"class_list":["post-570","page","type-page","status-publish","hentry"],"uagb_featured_image_src":{"full":false,"thumbnail":false,"medium":false,"medium_large":false,"large":false,"1536x1536":false,"2048x2048":false},"uagb_author_info":{"display_name":"Fellipe Tereska","author_link":"https:\/\/caritaslondrina.com.br\/dese2\/author\/fellipe-tereska\/"},"uagb_comment_info":0,"uagb_excerpt":"A Coleta Nacional da Solidariedade ocorre na celebra\u00e7\u00e3o do Domingo de Ramos &#8211; dia em que os crist\u00e3os e crist\u00e3s fazem mem\u00f3ria \u00e0 entrada de Jesus em Jerusal\u00e9m. A Coleta Nacional da Solidariedade \u00e9 o gesto concreto da Campanha da Fraternidade e suas doa\u00e7\u00f5es comp\u00f5em os Fundos Nacional e Diocesano de Solidariedade. Bispos, padres, religiosos(as),&hellip;","coauthors":[],"author_meta":{"author_link":"https:\/\/caritaslondrina.com.br\/dese2\/author\/fellipe-tereska\/","display_name":"Fellipe Tereska"},"relative_dates":{"created":"Publicado 6 anos atr\u00e1s","modified":"Atualizado 5 anos atr\u00e1s"},"absolute_dates":{"created":"Publicado em 25 de setembro de 2020","modified":"Atualizado em 23 de outubro de 2020"},"absolute_dates_time":{"created":"Publicado em 25 de setembro de 2020 7:33 pm","modified":"Atualizado em 23 de outubro de 2020 11:13 am"},"featured_img_caption":"","featured_img":false,"series_order":"","_links":{"self":[{"href":"https:\/\/caritaslondrina.com.br\/dese2\/wp-json\/wp\/v2\/pages\/570","targetHints":{"allow":["GET"]}}],"collection":[{"href":"https:\/\/caritaslondrina.com.br\/dese2\/wp-json\/wp\/v2\/pages"}],"about":[{"href":"https:\/\/caritaslondrina.com.br\/dese2\/wp-json\/wp\/v2\/types\/page"}],"author":[{"embeddable":true,"href":"https:\/\/caritaslondrina.com.br\/dese2\/wp-json\/wp\/v2\/users\/4"}],"replies":[{"embeddable":true,"href":"https:\/\/caritaslondrina.com.br\/dese2\/wp-json\/wp\/v2\/comments?post=570"}],"version-history":[{"count":4,"href":"https:\/\/caritaslondrina.com.br\/dese2\/wp-json\/wp\/v2\/pages\/570\/revisions"}],"predecessor-version":[{"id":799,"href":"https:\/\/caritaslondrina.com.br\/dese2\/wp-json\/wp\/v2\/pages\/570\/revisions\/799"}],"wp:attachment":[{"href":"https:\/\/caritaslondrina.com.br\/dese2\/wp-json\/wp\/v2\/media?parent=570"}],"curies":[{"name":"wp","href":"https:\/\/api.w.org\/{rel}","templated":true}]}}