{"id":604,"date":"2020-10-06T22:43:14","date_gmt":"2020-10-07T01:43:14","guid":{"rendered":"https:\/\/caritaslondrina.com.br\/dese2\/?page_id=604"},"modified":"2020-10-13T19:02:38","modified_gmt":"2020-10-13T22:02:38","slug":"decada-de-1980","status":"publish","type":"page","link":"https:\/\/caritaslondrina.com.br\/dese2\/decada-de-1980\/","title":{"rendered":"1980-1989"},"content":{"rendered":"\n<p><strong>Campanha da Fraternidade 1980<\/strong><br><strong>Tema:<\/strong> Fraternidade no Mundo das Migra\u00e7\u00f5es<br><strong>Lema:<\/strong> Para onde vais?<\/p>\n\n\n\n<p><strong>Campanha da Fraternidade 1981<\/strong><br><strong>Tema:<\/strong> Sa\u00fade e Fraternidade<br><strong>Lema:<\/strong> Sa\u00fade para todos<\/p>\n\n\n\n<p><strong>Campanha da Fraternidade 1982<\/strong><br><strong>Tema:<\/strong> Educa\u00e7\u00e3o e Fraternidade<br><strong>Lema:<\/strong> A Verdade vos Libertar\u00e1<\/p>\n\n\n\n<p><strong>Campanha da Fraternidade 1983<\/strong><br><strong>Tema:<\/strong> Fraternidade e Viol\u00eancia<br><strong>Lema:<\/strong> Fraternidade sim, Viol\u00eancia n\u00e3o<\/p>\n\n\n\n<p><strong>Campanha da Fraternidade 1984<\/strong><br><strong>Tema:<\/strong> Fraternidade e Vida<br><strong>Lema:<\/strong> Para que todos tenham vida<\/p>\n\n\n\n<p><strong>Campanha da Fraternidade 1985<\/strong><br><strong>Tema:<\/strong> Fraternidade e Fome<br><strong>Lema:<\/strong> P\u00e3o para Quem tem fome<\/p>\n\n\n\n<p><strong>Campanha da Fraternidade 1986<\/strong><br><strong>Tema:<\/strong> Fraternidade e Terra<br><strong>Lema:<\/strong> Terra de Deus, Terra de irm\u00e3os<\/p>\n\n\n\n<p><strong>Campanha da Fraternidade 1987<\/strong><br><strong>Tema:<\/strong> A Fraternidade e o Menor<br><strong>Lema:<\/strong> Quem acolhe o Menor a Mim acolhe<\/p>\n\n\n\n<p><strong>Campanha da Fraternidade 1988<\/strong><br><strong>Tema:<\/strong> A Fraternidade e o Negro<br><strong>Lema:<\/strong> Ouvi o clamor deste povo!<\/p>\n\n\n\n<p><strong>Campanha da Fraternidade 1989<\/strong><br><strong>Tema:<\/strong> A Fraternidade e a Comunica\u00e7\u00e3o<br><strong>Lema:<\/strong> Comunica\u00e7\u00e3o para a Verdade e a Paz<\/p>\n\n\n\n<div class=\"wp-block-group\"><div class=\"wp-block-group__inner-container is-layout-flow wp-block-group-is-layout-flow\">\n<figure class=\"wp-block-gallery columns-3 is-cropped wp-block-gallery-1\"><ul class=\"blocks-gallery-grid\"><li class=\"blocks-gallery-item\"><figure><img fetchpriority=\"high\" decoding=\"async\" width=\"350\" height=\"438\" src=\"https:\/\/caritaslondrina.com.br\/dese2\/wp-content\/uploads\/2020\/10\/1980.jpg\" alt=\"\" data-id=\"661\" data-full-url=\"https:\/\/caritaslondrina.com.br\/dese2\/wp-content\/uploads\/2020\/10\/1980.jpg\" data-link=\"https:\/\/caritaslondrina.com.br\/dese2\/decada-de-1980\/attachment\/1980\/\" class=\"wp-image-661\" srcset=\"https:\/\/caritaslondrina.com.br\/dese2\/wp-content\/uploads\/2020\/10\/1980.jpg 350w, https:\/\/caritaslondrina.com.br\/dese2\/wp-content\/uploads\/2020\/10\/1980-240x300.jpg 240w\" sizes=\"(max-width: 350px) 100vw, 350px\" \/><figcaption class=\"blocks-gallery-item__caption\">CF &#8211; 1980<\/figcaption><\/figure><\/li><li class=\"blocks-gallery-item\"><figure><img decoding=\"async\" width=\"350\" height=\"438\" src=\"https:\/\/caritaslondrina.com.br\/dese2\/wp-content\/uploads\/2020\/10\/1981.jpg\" alt=\"\" data-id=\"662\" data-full-url=\"https:\/\/caritaslondrina.com.br\/dese2\/wp-content\/uploads\/2020\/10\/1981.jpg\" data-link=\"https:\/\/caritaslondrina.com.br\/dese2\/decada-de-1980\/attachment\/1981\/\" class=\"wp-image-662\" srcset=\"https:\/\/caritaslondrina.com.br\/dese2\/wp-content\/uploads\/2020\/10\/1981.jpg 350w, https:\/\/caritaslondrina.com.br\/dese2\/wp-content\/uploads\/2020\/10\/1981-240x300.jpg 240w\" sizes=\"(max-width: 350px) 100vw, 350px\" \/><figcaption class=\"blocks-gallery-item__caption\">CF &#8211; 1981<\/figcaption><\/figure><\/li><li class=\"blocks-gallery-item\"><figure><img decoding=\"async\" width=\"350\" height=\"438\" src=\"https:\/\/caritaslondrina.com.br\/dese2\/wp-content\/uploads\/2020\/10\/1982.jpg\" alt=\"\" data-id=\"663\" data-full-url=\"https:\/\/caritaslondrina.com.br\/dese2\/wp-content\/uploads\/2020\/10\/1982.jpg\" data-link=\"https:\/\/caritaslondrina.com.br\/dese2\/decada-de-1980\/attachment\/1982\/\" class=\"wp-image-663\" srcset=\"https:\/\/caritaslondrina.com.br\/dese2\/wp-content\/uploads\/2020\/10\/1982.jpg 350w, https:\/\/caritaslondrina.com.br\/dese2\/wp-content\/uploads\/2020\/10\/1982-240x300.jpg 240w\" sizes=\"(max-width: 350px) 100vw, 350px\" \/><figcaption class=\"blocks-gallery-item__caption\">CF &#8211; 1982<\/figcaption><\/figure><\/li><li class=\"blocks-gallery-item\"><figure><img loading=\"lazy\" decoding=\"async\" width=\"350\" height=\"438\" src=\"https:\/\/caritaslondrina.com.br\/dese2\/wp-content\/uploads\/2020\/10\/1983.jpg\" alt=\"\" data-id=\"664\" data-full-url=\"https:\/\/caritaslondrina.com.br\/dese2\/wp-content\/uploads\/2020\/10\/1983.jpg\" data-link=\"https:\/\/caritaslondrina.com.br\/dese2\/decada-de-1980\/attachment\/1983\/\" class=\"wp-image-664\" srcset=\"https:\/\/caritaslondrina.com.br\/dese2\/wp-content\/uploads\/2020\/10\/1983.jpg 350w, https:\/\/caritaslondrina.com.br\/dese2\/wp-content\/uploads\/2020\/10\/1983-240x300.jpg 240w\" sizes=\"(max-width: 350px) 100vw, 350px\" \/><figcaption class=\"blocks-gallery-item__caption\">CF &#8211; 1983<\/figcaption><\/figure><\/li><li class=\"blocks-gallery-item\"><figure><img loading=\"lazy\" decoding=\"async\" width=\"350\" height=\"438\" src=\"https:\/\/caritaslondrina.com.br\/dese2\/wp-content\/uploads\/2020\/10\/1984.jpg\" alt=\"\" data-id=\"665\" data-full-url=\"https:\/\/caritaslondrina.com.br\/dese2\/wp-content\/uploads\/2020\/10\/1984.jpg\" data-link=\"https:\/\/caritaslondrina.com.br\/dese2\/decada-de-1980\/attachment\/1984\/\" class=\"wp-image-665\" srcset=\"https:\/\/caritaslondrina.com.br\/dese2\/wp-content\/uploads\/2020\/10\/1984.jpg 350w, https:\/\/caritaslondrina.com.br\/dese2\/wp-content\/uploads\/2020\/10\/1984-240x300.jpg 240w\" sizes=\"(max-width: 350px) 100vw, 350px\" \/><figcaption class=\"blocks-gallery-item__caption\">CF &#8211; 1984<\/figcaption><\/figure><\/li><li class=\"blocks-gallery-item\"><figure><img loading=\"lazy\" decoding=\"async\" width=\"350\" height=\"438\" src=\"https:\/\/caritaslondrina.com.br\/dese2\/wp-content\/uploads\/2020\/10\/1985.jpg\" alt=\"\" data-id=\"666\" data-full-url=\"https:\/\/caritaslondrina.com.br\/dese2\/wp-content\/uploads\/2020\/10\/1985.jpg\" data-link=\"https:\/\/caritaslondrina.com.br\/dese2\/decada-de-1980\/attachment\/1985\/\" class=\"wp-image-666\" srcset=\"https:\/\/caritaslondrina.com.br\/dese2\/wp-content\/uploads\/2020\/10\/1985.jpg 350w, https:\/\/caritaslondrina.com.br\/dese2\/wp-content\/uploads\/2020\/10\/1985-240x300.jpg 240w\" sizes=\"(max-width: 350px) 100vw, 350px\" \/><figcaption class=\"blocks-gallery-item__caption\">CF &#8211; 1985<\/figcaption><\/figure><\/li><li class=\"blocks-gallery-item\"><figure><img loading=\"lazy\" decoding=\"async\" width=\"350\" height=\"438\" src=\"https:\/\/caritaslondrina.com.br\/dese2\/wp-content\/uploads\/2020\/10\/1986.jpg\" alt=\"\" data-id=\"667\" data-full-url=\"https:\/\/caritaslondrina.com.br\/dese2\/wp-content\/uploads\/2020\/10\/1986.jpg\" data-link=\"https:\/\/caritaslondrina.com.br\/dese2\/decada-de-1980\/attachment\/1986\/\" class=\"wp-image-667\" srcset=\"https:\/\/caritaslondrina.com.br\/dese2\/wp-content\/uploads\/2020\/10\/1986.jpg 350w, https:\/\/caritaslondrina.com.br\/dese2\/wp-content\/uploads\/2020\/10\/1986-240x300.jpg 240w\" sizes=\"(max-width: 350px) 100vw, 350px\" \/><figcaption class=\"blocks-gallery-item__caption\">CF &#8211; 1986<\/figcaption><\/figure><\/li><li class=\"blocks-gallery-item\"><figure><img loading=\"lazy\" decoding=\"async\" width=\"350\" height=\"438\" src=\"https:\/\/caritaslondrina.com.br\/dese2\/wp-content\/uploads\/2020\/10\/1987.jpg\" alt=\"\" data-id=\"668\" data-full-url=\"https:\/\/caritaslondrina.com.br\/dese2\/wp-content\/uploads\/2020\/10\/1987.jpg\" data-link=\"https:\/\/caritaslondrina.com.br\/dese2\/decada-de-1980\/attachment\/1987\/\" class=\"wp-image-668\" srcset=\"https:\/\/caritaslondrina.com.br\/dese2\/wp-content\/uploads\/2020\/10\/1987.jpg 350w, https:\/\/caritaslondrina.com.br\/dese2\/wp-content\/uploads\/2020\/10\/1987-240x300.jpg 240w\" sizes=\"(max-width: 350px) 100vw, 350px\" \/><figcaption class=\"blocks-gallery-item__caption\">CF &#8211; 1987<\/figcaption><\/figure><\/li><li class=\"blocks-gallery-item\"><figure><img loading=\"lazy\" decoding=\"async\" width=\"350\" height=\"438\" src=\"https:\/\/caritaslondrina.com.br\/dese2\/wp-content\/uploads\/2020\/10\/1988.jpg\" alt=\"\" data-id=\"669\" data-full-url=\"https:\/\/caritaslondrina.com.br\/dese2\/wp-content\/uploads\/2020\/10\/1988.jpg\" data-link=\"https:\/\/caritaslondrina.com.br\/dese2\/decada-de-1980\/attachment\/1988\/\" class=\"wp-image-669\" srcset=\"https:\/\/caritaslondrina.com.br\/dese2\/wp-content\/uploads\/2020\/10\/1988.jpg 350w, https:\/\/caritaslondrina.com.br\/dese2\/wp-content\/uploads\/2020\/10\/1988-240x300.jpg 240w\" sizes=\"(max-width: 350px) 100vw, 350px\" \/><figcaption class=\"blocks-gallery-item__caption\">CF &#8211; 1988<\/figcaption><\/figure><\/li><li class=\"blocks-gallery-item\"><figure><img loading=\"lazy\" decoding=\"async\" width=\"350\" height=\"438\" src=\"https:\/\/caritaslondrina.com.br\/dese2\/wp-content\/uploads\/2020\/10\/1989.jpg\" alt=\"\" data-id=\"670\" data-full-url=\"https:\/\/caritaslondrina.com.br\/dese2\/wp-content\/uploads\/2020\/10\/1989.jpg\" data-link=\"https:\/\/caritaslondrina.com.br\/dese2\/decada-de-1980\/attachment\/1989\/\" class=\"wp-image-670\" srcset=\"https:\/\/caritaslondrina.com.br\/dese2\/wp-content\/uploads\/2020\/10\/1989.jpg 350w, https:\/\/caritaslondrina.com.br\/dese2\/wp-content\/uploads\/2020\/10\/1989-240x300.jpg 240w\" sizes=\"(max-width: 350px) 100vw, 350px\" \/><figcaption class=\"blocks-gallery-item__caption\">CF &#8211; 1989<\/figcaption><\/figure><\/li><\/ul><figcaption class=\"blocks-gallery-caption is-layout-flex wp-block-gallery-is-layout-flex\">Banners das Campanhas da Fraternidade de 1980 a 1989\/Reprodu\u00e7\u00e3o CNBB<\/figcaption><\/figure>\n<\/div><\/div>\n","protected":false},"excerpt":{"rendered":"<p>Campanha da Fraternidade 1980Tema: Fraternidade no Mundo das Migra\u00e7\u00f5esLema: Para onde vais? Campanha da Fraternidade 1981Tema: Sa\u00fade e FraternidadeLema: Sa\u00fade para todos Campanha da Fraternidade 1982Tema: Educa\u00e7\u00e3o e FraternidadeLema: A Verdade vos Libertar\u00e1 Campanha da Fraternidade 1983Tema: Fraternidade e Viol\u00eanciaLema: Fraternidade sim, Viol\u00eancia n\u00e3o Campanha da Fraternidade 1984Tema: Fraternidade e VidaLema: Para que todos tenham &hellip;<\/p>\n<p class=\"read-more\"> <a class=\"\" href=\"https:\/\/caritaslondrina.com.br\/dese2\/decada-de-1980\/\"> <span class=\"screen-reader-text\">1980-1989<\/span> Leia mais &raquo;<\/a><\/p>\n","protected":false},"author":4,"featured_media":0,"parent":0,"menu_order":0,"comment_status":"closed","ping_status":"closed","template":"","meta":{"_coblocks_attr":"","_coblocks_dimensions":"","_coblocks_responsive_height":"","_coblocks_accordion_ie_support":"","_uag_custom_page_level_css":"","advgb_blocks_editor_width":"","advgb_blocks_columns_visual_guide":"","_mi_skip_tracking":false,"_monsterinsights_sitenote_active":false,"_monsterinsights_sitenote_note":"","_monsterinsights_sitenote_category":0,"site-sidebar-layout":"default","site-content-layout":"default","ast-global-header-display":"","ast-banner-title-visibility":"","ast-main-header-display":"","ast-hfb-above-header-display":"","ast-hfb-below-header-display":"","ast-hfb-mobile-header-display":"","site-post-title":"","ast-breadcrumbs-content":"","ast-featured-img":"","footer-sml-layout":"","theme-transparent-header-meta":"default","adv-header-id-meta":"","stick-header-meta":"","header-above-stick-meta":"","header-main-stick-meta":"","header-below-stick-meta":"","footnotes":""},"class_list":["post-604","page","type-page","status-publish","hentry"],"uagb_featured_image_src":{"full":false,"thumbnail":false,"medium":false,"medium_large":false,"large":false,"1536x1536":false,"2048x2048":false},"uagb_author_info":{"display_name":"Fellipe Tereska","author_link":"https:\/\/caritaslondrina.com.br\/dese2\/author\/fellipe-tereska\/"},"uagb_comment_info":0,"uagb_excerpt":"Campanha da Fraternidade 1980Tema: Fraternidade no Mundo das Migra\u00e7\u00f5esLema: Para onde vais? Campanha da Fraternidade 1981Tema: Sa\u00fade e FraternidadeLema: Sa\u00fade para todos Campanha da Fraternidade 1982Tema: Educa\u00e7\u00e3o e FraternidadeLema: A Verdade vos Libertar\u00e1 Campanha da Fraternidade 1983Tema: Fraternidade e Viol\u00eanciaLema: Fraternidade sim, Viol\u00eancia n\u00e3o Campanha da Fraternidade 1984Tema: Fraternidade e VidaLema: Para que todos tenham&hellip;","coauthors":[],"author_meta":{"author_link":"https:\/\/caritaslondrina.com.br\/dese2\/author\/fellipe-tereska\/","display_name":"Fellipe Tereska"},"relative_dates":{"created":"Publicado 6 anos atr\u00e1s","modified":"Atualizado 6 anos atr\u00e1s"},"absolute_dates":{"created":"Publicado em 6 de outubro de 2020","modified":"Atualizado em 13 de outubro de 2020"},"absolute_dates_time":{"created":"Publicado em 6 de outubro de 2020 10:43 pm","modified":"Atualizado em 13 de outubro de 2020 7:02 pm"},"featured_img_caption":"","featured_img":false,"series_order":"","_links":{"self":[{"href":"https:\/\/caritaslondrina.com.br\/dese2\/wp-json\/wp\/v2\/pages\/604","targetHints":{"allow":["GET"]}}],"collection":[{"href":"https:\/\/caritaslondrina.com.br\/dese2\/wp-json\/wp\/v2\/pages"}],"about":[{"href":"https:\/\/caritaslondrina.com.br\/dese2\/wp-json\/wp\/v2\/types\/page"}],"author":[{"embeddable":true,"href":"https:\/\/caritaslondrina.com.br\/dese2\/wp-json\/wp\/v2\/users\/4"}],"replies":[{"embeddable":true,"href":"https:\/\/caritaslondrina.com.br\/dese2\/wp-json\/wp\/v2\/comments?post=604"}],"version-history":[{"count":4,"href":"https:\/\/caritaslondrina.com.br\/dese2\/wp-json\/wp\/v2\/pages\/604\/revisions"}],"predecessor-version":[{"id":672,"href":"https:\/\/caritaslondrina.com.br\/dese2\/wp-json\/wp\/v2\/pages\/604\/revisions\/672"}],"wp:attachment":[{"href":"https:\/\/caritaslondrina.com.br\/dese2\/wp-json\/wp\/v2\/media?parent=604"}],"curies":[{"name":"wp","href":"https:\/\/api.w.org\/{rel}","templated":true}]}}