{"id":608,"date":"2020-10-06T22:43:50","date_gmt":"2020-10-07T01:43:50","guid":{"rendered":"https:\/\/caritaslondrina.com.br\/dese2\/?page_id=608"},"modified":"2020-10-13T19:18:11","modified_gmt":"2020-10-13T22:18:11","slug":"decada-de-2000","status":"publish","type":"page","link":"https:\/\/caritaslondrina.com.br\/dese2\/decada-de-2000\/","title":{"rendered":"2000-2009"},"content":{"rendered":"\n<p> <strong>Campanha da Fraternidade 2000<\/strong><br><strong>Tema:<\/strong> Dignidade Humana e Paz<br><strong>Lema:<\/strong> Novo Mil\u00eanio sem Exclus\u00f5es  <\/p>\n\n\n\n<p> <strong>Campanha da Fraternidade 2001<\/strong><br><strong>Tema:<\/strong> Fraternidade e as Drogas<br><strong>Lema:<\/strong> Vida sim, Drogas n\u00e3o!<\/p>\n\n\n\n<p> <strong>Campanha da Fraternidade 2002<\/strong><br><strong>Tema:<\/strong> Fraternidade e Povos Ind\u00edgenas<br><strong>Lema:<\/strong> Por uma terra sem males<\/p>\n\n\n\n<p> <strong>Campanha da Fraternidade 2003<\/strong><br><strong>Tema:<\/strong> Fraternidade e Pessoas Idosas<br><strong>Lema:<\/strong> Vida, dignidade e esperan\u00e7a<\/p>\n\n\n\n<p> <strong>Campanha da Fraternidade 2004<\/strong><br><strong>Tema:<\/strong> Fraternidade e \u00c1gua<br><strong>Lema:<\/strong> \u00c1gua, fonte de vida<\/p>\n\n\n\n<p> <strong>Campanha da Fraternidade 2005<\/strong><br><strong>Tema:<\/strong> Solidariedade e Paz<br><strong>Lema:<\/strong> Felizes os que promove a paz<\/p>\n\n\n\n<p> <strong>Campanha da Fraternidade 2006<\/strong><br><strong>Tema:<\/strong> Fraternidade e Pessoas com Defici\u00eancia<br><strong>Lema:<\/strong> &#8220;Levanta-te, vem para o meio&#8221; (Mc 3,3)<\/p>\n\n\n\n<p> <strong>Campanha da Fraternidade 2007<\/strong><br><strong>Tema:<\/strong> Fraternidade e Amaz\u00f4nia<br><strong>Lema:<\/strong> Vida e miss\u00e3o neste ch\u00e3o<\/p>\n\n\n\n<p> <strong>Campanha da Fraternidade 2008<\/strong><br><strong>Tema:<\/strong> Fraternidade e Defesa da Vida<br><strong>Lema:<\/strong> &#8220;Escolha, pois, a vida&#8221; (Dt 30,19)<\/p>\n\n\n\n<p> <strong>Campanha da Fraternidade 2009<\/strong><br><strong>Tema:<\/strong> Fraternidade e Seguran\u00e7a P\u00fablica<br><strong>Lema:<\/strong> &#8220;A paz \u00e9 fruto da justi\u00e7a&#8221; (Is 32,17)<\/p>\n\n\n\n<figure class=\"wp-block-gallery columns-3 is-cropped wp-block-gallery-1\"><ul class=\"blocks-gallery-grid\"><li class=\"blocks-gallery-item\"><figure><img fetchpriority=\"high\" decoding=\"async\" width=\"350\" height=\"280\" src=\"https:\/\/caritaslondrina.com.br\/dese2\/wp-content\/uploads\/2020\/10\/2000.jpg\" alt=\"\" data-id=\"685\" data-full-url=\"https:\/\/caritaslondrina.com.br\/dese2\/wp-content\/uploads\/2020\/10\/2000.jpg\" data-link=\"https:\/\/caritaslondrina.com.br\/dese2\/decada-de-2000\/attachment\/2000\/\" class=\"wp-image-685\" srcset=\"https:\/\/caritaslondrina.com.br\/dese2\/wp-content\/uploads\/2020\/10\/2000.jpg 350w, https:\/\/caritaslondrina.com.br\/dese2\/wp-content\/uploads\/2020\/10\/2000-300x240.jpg 300w\" sizes=\"(max-width: 350px) 100vw, 350px\" \/><figcaption class=\"blocks-gallery-item__caption\">CF &#8211; 2000<\/figcaption><\/figure><\/li><li class=\"blocks-gallery-item\"><figure><img decoding=\"async\" width=\"350\" height=\"280\" src=\"https:\/\/caritaslondrina.com.br\/dese2\/wp-content\/uploads\/2020\/10\/2001.jpg\" alt=\"\" data-id=\"686\" data-full-url=\"https:\/\/caritaslondrina.com.br\/dese2\/wp-content\/uploads\/2020\/10\/2001.jpg\" data-link=\"https:\/\/caritaslondrina.com.br\/dese2\/decada-de-2000\/attachment\/2001\/\" class=\"wp-image-686\" srcset=\"https:\/\/caritaslondrina.com.br\/dese2\/wp-content\/uploads\/2020\/10\/2001.jpg 350w, https:\/\/caritaslondrina.com.br\/dese2\/wp-content\/uploads\/2020\/10\/2001-300x240.jpg 300w\" sizes=\"(max-width: 350px) 100vw, 350px\" \/><figcaption class=\"blocks-gallery-item__caption\">CF &#8211; 2001<\/figcaption><\/figure><\/li><li class=\"blocks-gallery-item\"><figure><img decoding=\"async\" width=\"350\" height=\"438\" src=\"https:\/\/caritaslondrina.com.br\/dese2\/wp-content\/uploads\/2020\/10\/2002.jpg\" alt=\"\" data-id=\"687\" data-full-url=\"https:\/\/caritaslondrina.com.br\/dese2\/wp-content\/uploads\/2020\/10\/2002.jpg\" data-link=\"https:\/\/caritaslondrina.com.br\/dese2\/decada-de-2000\/attachment\/2002\/\" class=\"wp-image-687\" srcset=\"https:\/\/caritaslondrina.com.br\/dese2\/wp-content\/uploads\/2020\/10\/2002.jpg 350w, https:\/\/caritaslondrina.com.br\/dese2\/wp-content\/uploads\/2020\/10\/2002-240x300.jpg 240w\" sizes=\"(max-width: 350px) 100vw, 350px\" \/><figcaption class=\"blocks-gallery-item__caption\">CF &#8211; 2002<\/figcaption><\/figure><\/li><li class=\"blocks-gallery-item\"><figure><img loading=\"lazy\" decoding=\"async\" width=\"350\" height=\"438\" src=\"https:\/\/caritaslondrina.com.br\/dese2\/wp-content\/uploads\/2020\/10\/2003.jpg\" alt=\"\" data-id=\"688\" data-full-url=\"https:\/\/caritaslondrina.com.br\/dese2\/wp-content\/uploads\/2020\/10\/2003.jpg\" data-link=\"https:\/\/caritaslondrina.com.br\/dese2\/decada-de-2000\/attachment\/2003\/\" class=\"wp-image-688\" srcset=\"https:\/\/caritaslondrina.com.br\/dese2\/wp-content\/uploads\/2020\/10\/2003.jpg 350w, https:\/\/caritaslondrina.com.br\/dese2\/wp-content\/uploads\/2020\/10\/2003-240x300.jpg 240w\" sizes=\"(max-width: 350px) 100vw, 350px\" \/><figcaption class=\"blocks-gallery-item__caption\">CF &#8211; 2003<\/figcaption><\/figure><\/li><li class=\"blocks-gallery-item\"><figure><img loading=\"lazy\" decoding=\"async\" width=\"350\" height=\"438\" src=\"https:\/\/caritaslondrina.com.br\/dese2\/wp-content\/uploads\/2020\/10\/2004.jpg\" alt=\"\" data-id=\"689\" data-full-url=\"https:\/\/caritaslondrina.com.br\/dese2\/wp-content\/uploads\/2020\/10\/2004.jpg\" data-link=\"https:\/\/caritaslondrina.com.br\/dese2\/decada-de-2000\/attachment\/2004\/\" class=\"wp-image-689\" srcset=\"https:\/\/caritaslondrina.com.br\/dese2\/wp-content\/uploads\/2020\/10\/2004.jpg 350w, https:\/\/caritaslondrina.com.br\/dese2\/wp-content\/uploads\/2020\/10\/2004-240x300.jpg 240w\" sizes=\"(max-width: 350px) 100vw, 350px\" \/><figcaption class=\"blocks-gallery-item__caption\">CF &#8211; 2004<\/figcaption><\/figure><\/li><li class=\"blocks-gallery-item\"><figure><img loading=\"lazy\" decoding=\"async\" width=\"350\" height=\"280\" src=\"https:\/\/caritaslondrina.com.br\/dese2\/wp-content\/uploads\/2020\/10\/2005.jpg\" alt=\"\" data-id=\"690\" data-full-url=\"https:\/\/caritaslondrina.com.br\/dese2\/wp-content\/uploads\/2020\/10\/2005.jpg\" data-link=\"https:\/\/caritaslondrina.com.br\/dese2\/decada-de-2000\/attachment\/2005\/\" class=\"wp-image-690\" srcset=\"https:\/\/caritaslondrina.com.br\/dese2\/wp-content\/uploads\/2020\/10\/2005.jpg 350w, https:\/\/caritaslondrina.com.br\/dese2\/wp-content\/uploads\/2020\/10\/2005-300x240.jpg 300w\" sizes=\"(max-width: 350px) 100vw, 350px\" \/><figcaption class=\"blocks-gallery-item__caption\">CF &#8211; 2005<\/figcaption><\/figure><\/li><li class=\"blocks-gallery-item\"><figure><img loading=\"lazy\" decoding=\"async\" width=\"350\" height=\"438\" src=\"https:\/\/caritaslondrina.com.br\/dese2\/wp-content\/uploads\/2020\/10\/2006.jpg\" alt=\"\" data-id=\"691\" data-full-url=\"https:\/\/caritaslondrina.com.br\/dese2\/wp-content\/uploads\/2020\/10\/2006.jpg\" data-link=\"https:\/\/caritaslondrina.com.br\/dese2\/decada-de-2000\/attachment\/2006\/\" class=\"wp-image-691\" srcset=\"https:\/\/caritaslondrina.com.br\/dese2\/wp-content\/uploads\/2020\/10\/2006.jpg 350w, https:\/\/caritaslondrina.com.br\/dese2\/wp-content\/uploads\/2020\/10\/2006-240x300.jpg 240w\" sizes=\"(max-width: 350px) 100vw, 350px\" \/><figcaption class=\"blocks-gallery-item__caption\">CF &#8211; 2006<\/figcaption><\/figure><\/li><li class=\"blocks-gallery-item\"><figure><img loading=\"lazy\" decoding=\"async\" width=\"350\" height=\"438\" src=\"https:\/\/caritaslondrina.com.br\/dese2\/wp-content\/uploads\/2020\/10\/2007.jpg\" alt=\"\" data-id=\"692\" data-full-url=\"https:\/\/caritaslondrina.com.br\/dese2\/wp-content\/uploads\/2020\/10\/2007.jpg\" data-link=\"https:\/\/caritaslondrina.com.br\/dese2\/decada-de-2000\/attachment\/2007\/\" class=\"wp-image-692\" srcset=\"https:\/\/caritaslondrina.com.br\/dese2\/wp-content\/uploads\/2020\/10\/2007.jpg 350w, https:\/\/caritaslondrina.com.br\/dese2\/wp-content\/uploads\/2020\/10\/2007-240x300.jpg 240w\" sizes=\"(max-width: 350px) 100vw, 350px\" \/><figcaption class=\"blocks-gallery-item__caption\">CF &#8211; 2007<\/figcaption><\/figure><\/li><li class=\"blocks-gallery-item\"><figure><img loading=\"lazy\" decoding=\"async\" width=\"350\" height=\"438\" src=\"https:\/\/caritaslondrina.com.br\/dese2\/wp-content\/uploads\/2020\/10\/2008.jpg\" alt=\"\" data-id=\"693\" data-full-url=\"https:\/\/caritaslondrina.com.br\/dese2\/wp-content\/uploads\/2020\/10\/2008.jpg\" data-link=\"https:\/\/caritaslondrina.com.br\/dese2\/decada-de-2000\/attachment\/2008\/\" class=\"wp-image-693\" srcset=\"https:\/\/caritaslondrina.com.br\/dese2\/wp-content\/uploads\/2020\/10\/2008.jpg 350w, https:\/\/caritaslondrina.com.br\/dese2\/wp-content\/uploads\/2020\/10\/2008-240x300.jpg 240w\" sizes=\"(max-width: 350px) 100vw, 350px\" \/><figcaption class=\"blocks-gallery-item__caption\">CF &#8211; 2008<\/figcaption><\/figure><\/li><li class=\"blocks-gallery-item\"><figure><img loading=\"lazy\" decoding=\"async\" width=\"350\" height=\"438\" src=\"https:\/\/caritaslondrina.com.br\/dese2\/wp-content\/uploads\/2020\/10\/2009.jpg\" alt=\"\" data-id=\"694\" data-full-url=\"https:\/\/caritaslondrina.com.br\/dese2\/wp-content\/uploads\/2020\/10\/2009.jpg\" data-link=\"https:\/\/caritaslondrina.com.br\/dese2\/decada-de-2000\/attachment\/2009\/\" class=\"wp-image-694\" srcset=\"https:\/\/caritaslondrina.com.br\/dese2\/wp-content\/uploads\/2020\/10\/2009.jpg 350w, https:\/\/caritaslondrina.com.br\/dese2\/wp-content\/uploads\/2020\/10\/2009-240x300.jpg 240w\" sizes=\"(max-width: 350px) 100vw, 350px\" \/><figcaption class=\"blocks-gallery-item__caption\">CF &#8211; 2009<\/figcaption><\/figure><\/li><\/ul><figcaption class=\"blocks-gallery-caption is-layout-flex wp-block-gallery-is-layout-flex\">Banners das Campanhas da Fraternidade de 2000 a 2009 \/ Reprodu\u00e7\u00e3o CNBB<\/figcaption><\/figure>\n","protected":false},"excerpt":{"rendered":"<p>Campanha da Fraternidade 2000Tema: Dignidade Humana e PazLema: Novo Mil\u00eanio sem Exclus\u00f5es Campanha da Fraternidade 2001Tema: Fraternidade e as DrogasLema: Vida sim, Drogas n\u00e3o! Campanha da Fraternidade 2002Tema: Fraternidade e Povos Ind\u00edgenasLema: Por uma terra sem males Campanha da Fraternidade 2003Tema: Fraternidade e Pessoas IdosasLema: Vida, dignidade e esperan\u00e7a Campanha da Fraternidade 2004Tema: Fraternidade e &hellip;<\/p>\n<p class=\"read-more\"> <a class=\"\" href=\"https:\/\/caritaslondrina.com.br\/dese2\/decada-de-2000\/\"> <span class=\"screen-reader-text\">2000-2009<\/span> Leia mais &raquo;<\/a><\/p>\n","protected":false},"author":4,"featured_media":0,"parent":0,"menu_order":0,"comment_status":"closed","ping_status":"closed","template":"","meta":{"_coblocks_attr":"","_coblocks_dimensions":"","_coblocks_responsive_height":"","_coblocks_accordion_ie_support":"","_uag_custom_page_level_css":"","advgb_blocks_editor_width":"","advgb_blocks_columns_visual_guide":"","_mi_skip_tracking":false,"_monsterinsights_sitenote_active":false,"_monsterinsights_sitenote_note":"","_monsterinsights_sitenote_category":0,"site-sidebar-layout":"default","site-content-layout":"default","ast-global-header-display":"","ast-banner-title-visibility":"","ast-main-header-display":"","ast-hfb-above-header-display":"","ast-hfb-below-header-display":"","ast-hfb-mobile-header-display":"","site-post-title":"","ast-breadcrumbs-content":"","ast-featured-img":"","footer-sml-layout":"","theme-transparent-header-meta":"default","adv-header-id-meta":"","stick-header-meta":"","header-above-stick-meta":"","header-main-stick-meta":"","header-below-stick-meta":"","footnotes":""},"class_list":["post-608","page","type-page","status-publish","hentry"],"uagb_featured_image_src":{"full":false,"thumbnail":false,"medium":false,"medium_large":false,"large":false,"1536x1536":false,"2048x2048":false},"uagb_author_info":{"display_name":"Fellipe Tereska","author_link":"https:\/\/caritaslondrina.com.br\/dese2\/author\/fellipe-tereska\/"},"uagb_comment_info":0,"uagb_excerpt":"Campanha da Fraternidade 2000Tema: Dignidade Humana e PazLema: Novo Mil\u00eanio sem Exclus\u00f5es Campanha da Fraternidade 2001Tema: Fraternidade e as DrogasLema: Vida sim, Drogas n\u00e3o! Campanha da Fraternidade 2002Tema: Fraternidade e Povos Ind\u00edgenasLema: Por uma terra sem males Campanha da Fraternidade 2003Tema: Fraternidade e Pessoas IdosasLema: Vida, dignidade e esperan\u00e7a Campanha da Fraternidade 2004Tema: Fraternidade e&hellip;","coauthors":[],"author_meta":{"author_link":"https:\/\/caritaslondrina.com.br\/dese2\/author\/fellipe-tereska\/","display_name":"Fellipe Tereska"},"relative_dates":{"created":"Publicado 6 anos atr\u00e1s","modified":"Atualizado 6 anos atr\u00e1s"},"absolute_dates":{"created":"Publicado em 6 de outubro de 2020","modified":"Atualizado em 13 de outubro de 2020"},"absolute_dates_time":{"created":"Publicado em 6 de outubro de 2020 10:43 pm","modified":"Atualizado em 13 de outubro de 2020 7:18 pm"},"featured_img_caption":"","featured_img":false,"series_order":"","_links":{"self":[{"href":"https:\/\/caritaslondrina.com.br\/dese2\/wp-json\/wp\/v2\/pages\/608","targetHints":{"allow":["GET"]}}],"collection":[{"href":"https:\/\/caritaslondrina.com.br\/dese2\/wp-json\/wp\/v2\/pages"}],"about":[{"href":"https:\/\/caritaslondrina.com.br\/dese2\/wp-json\/wp\/v2\/types\/page"}],"author":[{"embeddable":true,"href":"https:\/\/caritaslondrina.com.br\/dese2\/wp-json\/wp\/v2\/users\/4"}],"replies":[{"embeddable":true,"href":"https:\/\/caritaslondrina.com.br\/dese2\/wp-json\/wp\/v2\/comments?post=608"}],"version-history":[{"count":4,"href":"https:\/\/caritaslondrina.com.br\/dese2\/wp-json\/wp\/v2\/pages\/608\/revisions"}],"predecessor-version":[{"id":696,"href":"https:\/\/caritaslondrina.com.br\/dese2\/wp-json\/wp\/v2\/pages\/608\/revisions\/696"}],"wp:attachment":[{"href":"https:\/\/caritaslondrina.com.br\/dese2\/wp-json\/wp\/v2\/media?parent=608"}],"curies":[{"name":"wp","href":"https:\/\/api.w.org\/{rel}","templated":true}]}}